{"id":1282,"date":"2025-05-08T17:30:35","date_gmt":"2025-05-08T15:30:35","guid":{"rendered":"https:\/\/fastair-cargo.com\/new\/wordpress\/?page_id=1282"},"modified":"2025-08-14T07:48:11","modified_gmt":"2025-08-14T05:48:11","slug":"pharmaceuticals","status":"publish","type":"page","link":"https:\/\/fastair-cargo.com\/de\/pharmaceuticals\/","title":{"rendered":"Pharmazeutische Industrie"},"content":{"rendered":"<div data-elementor-type=\"wp-page\" data-elementor-id=\"1282\" class=\"elementor elementor-1282\" data-elementor-post-type=\"page\">\n\t\t\t\t<div class=\"elementor-element elementor-element-3b1401b e-flex e-con-boxed e-con e-parent\" data-id=\"3b1401b\" data-element_type=\"container\" data-settings=\"{&quot;background_background&quot;:&quot;gradient&quot;}\">\n\t\t\t\t\t<div class=\"e-con-inner\">\n\t\t<div class=\"elementor-element elementor-element-a9b27f2 e-con-full e-flex e-con e-child\" data-id=\"a9b27f2\" data-element_type=\"container\">\n\t\t\t\t<div class=\"elementor-element elementor-element-a770e84 elementor-widget elementor-widget-heading\" data-id=\"a770e84\" data-element_type=\"widget\" data-widget_type=\"heading.default\">\n\t\t\t\t<div class=\"elementor-widget-container\">\n\t\t\t\t\t<h2 class=\"elementor-heading-title elementor-size-default\">Pharmazeutik und Gesundheitswesen<\/h2>\t\t\t\t<\/div>\n\t\t\t\t<\/div>\n\t\t\t\t<\/div>\n\t\t\t\t\t<\/div>\n\t\t\t\t<\/div>\n\t\t<div class=\"elementor-element elementor-element-2389713 e-flex e-con-boxed e-con e-parent\" data-id=\"2389713\" data-element_type=\"container\">\n\t\t\t\t\t<div class=\"e-con-inner\">\n\t\t<div class=\"elementor-element elementor-element-448878d e-con-full e-flex e-con e-child\" data-id=\"448878d\" data-element_type=\"container\">\n\t\t<div class=\"elementor-element elementor-element-2a020cc e-con-full e-flex e-con e-child\" data-id=\"2a020cc\" data-element_type=\"container\">\n\t\t\t\t<div class=\"elementor-element elementor-element-a8ff1b8 elementor-widget elementor-widget-text-editor\" data-id=\"a8ff1b8\" data-element_type=\"widget\" data-widget_type=\"text-editor.default\">\n\t\t\t\t<div class=\"elementor-widget-container\">\n\t\t\t\t\t\t\t\t\t<h3 class=\"LC20lb MBeuO DKV0Md\">Transport von Arzneimitteln<\/h3><div class=\"notranslate ESMNde HGLrXd ojE3Fb\"><div class=\"CA5RN\">Unsere Transportdienstleistungen f\u00fcr Arzneimittel sind auf die strengen Anforderungen der Gesundheitsbranche zugeschnitten. Wir bieten temperaturkontrollierte Transportl\u00f6sungen, die die Unversehrtheit empfindlicher medizinischer Produkte w\u00e4hrend der gesamten Lieferkette gew\u00e4hrleisten. Unser Team ist in Bezug auf alle gesetzlichen Vorschriften geschult und sorgt daf\u00fcr, dass Ihre Arzneimittel sicher gehandhabt und transportiert werden. Mit Echtzeit-Tracking und proaktiver Kommunikation garantieren wir, dass Ihre wichtigen Gesundheitsprodukte ihr Ziel in einwandfreiem Zustand erreichen und so die Gesundheit und das Wohlbefinden der Patienten unterst\u00fctzen.<\/div><\/div>\t\t\t\t\t\t\t\t<\/div>\n\t\t\t\t<\/div>\n\t\t\t\t<div class=\"elementor-element elementor-element-f28b1b2 elementor-align-right elementor-widget elementor-widget-button\" data-id=\"f28b1b2\" data-element_type=\"widget\" data-widget_type=\"button.default\">\n\t\t\t\t<div class=\"elementor-widget-container\">\n\t\t\t\t\t\t\t\t\t<div class=\"elementor-button-wrapper\">\n\t\t\t\t\t<a class=\"elementor-button elementor-button-link elementor-size-sm\" href=\"https:\/\/fastair-cargo.com\/de\/contact\/\">\n\t\t\t\t\t\t<span class=\"elementor-button-content-wrapper\">\n\t\t\t\t\t\t<span class=\"elementor-button-icon\">\n\t\t\t\t<svg aria-hidden=\"true\" class=\"e-font-icon-svg e-fas-capsules\" viewbox=\"0 0 576 512\" xmlns=\"http:\/\/www.w3.org\/2000\/svg\"><path d=\"M555.3 300.1L424.2 112.8C401.9 81 366.4 64 330.4 64c-22.6 0-45.5 6.7-65.5 20.7-19.7 13.8-33.7 32.8-41.5 53.8C220.5 79.2 172 32 112 32 50.1 32 0 82.1 0 144v224c0 61.9 50.1 112 112 112s112-50.1 112-112V218.9c3.3 8.6 7.3 17.1 12.8 25L368 431.2c22.2 31.8 57.7 48.8 93.8 48.8 22.7 0 45.5-6.7 65.5-20.7 51.7-36.2 64.2-107.5 28-159.2zM160 256H64V144c0-26.5 21.5-48 48-48s48 21.5 48 48v112zm194.8 44.9l-65.6-93.7c-7.7-11-10.7-24.4-8.3-37.6 2.3-13.2 9.7-24.8 20.7-32.5 8.5-6 18.5-9.1 28.8-9.1 16.5 0 31.9 8 41.3 21.5l65.6 93.7-82.5 57.7z\"><\/path><\/svg>\t\t\t<\/span>\n\t\t\t\t\t\t\t\t\t<span class=\"elementor-button-text\">Angebot anfordern<\/span>\n\t\t\t\t\t<\/span>\n\t\t\t\t\t<\/a>\n\t\t\t\t<\/div>\n\t\t\t\t\t\t\t\t<\/div>\n\t\t\t\t<\/div>\n\t\t\t\t<\/div>\n\t\t<div class=\"elementor-element elementor-element-e074dec e-con-full e-flex e-con e-child\" data-id=\"e074dec\" data-element_type=\"container\">\n\t\t\t\t<div class=\"elementor-element elementor-element-b8e527e elementor-widget elementor-widget-image\" data-id=\"b8e527e\" data-element_type=\"widget\" data-widget_type=\"image.default\">\n\t\t\t\t<div class=\"elementor-widget-container\">\n\t\t\t\t\t\t\t\t\t\t\t\t\t\t\t<img fetchpriority=\"high\" decoding=\"async\" width=\"450\" height=\"300\" src=\"https:\/\/fastair-cargo.com\/wp-content\/uploads\/2025\/05\/18.png\" class=\"attachment-large size-large wp-image-1398\" alt=\"\" srcset=\"https:\/\/fastair-cargo.com\/wp-content\/uploads\/2025\/05\/18.png 450w, https:\/\/fastair-cargo.com\/wp-content\/uploads\/2025\/05\/18-300x200.png 300w\" sizes=\"(max-width: 450px) 100vw, 450px\" \/>\t\t\t\t\t\t\t\t\t\t\t\t\t\t\t<\/div>\n\t\t\t\t<\/div>\n\t\t\t\t<\/div>\n\t\t\t\t<\/div>\n\t\t\t\t\t<\/div>\n\t\t\t\t<\/div>\n\t\t<div class=\"elementor-element elementor-element-e44bc96 e-flex e-con-boxed e-con e-parent\" data-id=\"e44bc96\" data-element_type=\"container\">\n\t\t\t\t\t<div class=\"e-con-inner\">\n\t\t\t\t<div class=\"elementor-element elementor-element-c350bcf elementor-widget-divider--view-line elementor-widget elementor-widget-divider\" data-id=\"c350bcf\" data-element_type=\"widget\" data-widget_type=\"divider.default\">\n\t\t\t\t<div class=\"elementor-widget-container\">\n\t\t\t\t\t\t\t<div class=\"elementor-divider\">\n\t\t\t<span class=\"elementor-divider-separator\">\n\t\t\t\t\t\t<\/span>\n\t\t<\/div>\n\t\t\t\t\t\t<\/div>\n\t\t\t\t<\/div>\n\t\t\t\t\t<\/div>\n\t\t\t\t<\/div>\n\t\t<div class=\"elementor-element elementor-element-945cd9a e-flex e-con-boxed e-con e-parent\" data-id=\"945cd9a\" data-element_type=\"container\">\n\t\t\t\t\t<div class=\"e-con-inner\">\n\t\t<div class=\"elementor-element elementor-element-237e897 e-con-full e-flex e-con e-child\" data-id=\"237e897\" data-element_type=\"container\">\n\t\t\t\t<div class=\"elementor-element elementor-element-e0e67ea elementor-view-default elementor-position-block-start elementor-mobile-position-block-start elementor-widget elementor-widget-icon-box\" data-id=\"e0e67ea\" data-element_type=\"widget\" data-widget_type=\"icon-box.default\">\n\t\t\t\t<div class=\"elementor-widget-container\">\n\t\t\t\t\t\t\t<div class=\"elementor-icon-box-wrapper\">\n\n\t\t\t\t\t\t<div class=\"elementor-icon-box-icon\">\n\t\t\t\t<span  class=\"elementor-icon\">\n\t\t\t\t<svg aria-hidden=\"true\" class=\"e-font-icon-svg e-fas-star\" viewbox=\"0 0 576 512\" xmlns=\"http:\/\/www.w3.org\/2000\/svg\"><path d=\"M259.3 17.8L194 150.2 47.9 171.5c-26.2 3.8-36.7 36.1-17.7 54.6l105.7 103-25 145.5c-4.5 26.3 23.2 46 46.4 33.7L288 439.6l130.7 68.7c23.2 12.2 50.9-7.4 46.4-33.7l-25-145.5 105.7-103c19-18.5 8.5-50.8-17.7-54.6L382 150.2 316.7 17.8c-11.7-23.6-45.6-23.9-57.4 0z\"><\/path><\/svg>\t\t\t\t<\/span>\n\t\t\t<\/div>\n\t\t\t\n\t\t\t\t\t\t<div class=\"elementor-icon-box-content\">\n\n\t\t\t\t\t\t\t\t\t<h3 class=\"elementor-icon-box-title\">\n\t\t\t\t\t\t<span  >\n\t\t\t\t\t\t\t\u00dcber 20 Jahre Erfahrung\t\t\t\t\t\t<\/span>\n\t\t\t\t\t<\/h3>\n\t\t\t\t\n\t\t\t\t\t\t\t\t\t<p class=\"elementor-icon-box-description\">\n\t\t\t\t\t\tDie Erfahrung unserer Mitarbeiter sorgt f\u00fcr reibungslose Lieferungen.\t\t\t\t\t<\/p>\n\t\t\t\t\n\t\t\t<\/div>\n\t\t\t\n\t\t<\/div>\n\t\t\t\t\t\t<\/div>\n\t\t\t\t<\/div>\n\t\t\t\t<\/div>\n\t\t<div class=\"elementor-element elementor-element-3f6ff1f e-con-full e-flex e-con e-child\" data-id=\"3f6ff1f\" data-element_type=\"container\">\n\t\t\t\t<div class=\"elementor-element elementor-element-3bf1ebc elementor-view-default elementor-position-block-start elementor-mobile-position-block-start elementor-widget elementor-widget-icon-box\" data-id=\"3bf1ebc\" data-element_type=\"widget\" data-widget_type=\"icon-box.default\">\n\t\t\t\t<div class=\"elementor-widget-container\">\n\t\t\t\t\t\t\t<div class=\"elementor-icon-box-wrapper\">\n\n\t\t\t\t\t\t<div class=\"elementor-icon-box-icon\">\n\t\t\t\t<span  class=\"elementor-icon\">\n\t\t\t\t<svg aria-hidden=\"true\" class=\"e-font-icon-svg e-far-moon\" viewbox=\"0 0 512 512\" xmlns=\"http:\/\/www.w3.org\/2000\/svg\"><path d=\"M279.135 512c78.756 0 150.982-35.804 198.844-94.775 28.27-34.831-2.558-85.722-46.249-77.401-82.348 15.683-158.272-47.268-158.272-130.792 0-48.424 26.06-92.292 67.434-115.836 38.745-22.05 28.999-80.788-15.022-88.919A257.936 257.936 0 0 0 279.135 0c-141.36 0-256 114.575-256 256 0 141.36 114.576 256 256 256zm0-464c12.985 0 25.689 1.201 38.016 3.478-54.76 31.163-91.693 90.042-91.693 157.554 0 113.848 103.641 199.2 215.252 177.944C402.574 433.964 344.366 464 279.135 464c-114.875 0-208-93.125-208-208s93.125-208 208-208z\"><\/path><\/svg>\t\t\t\t<\/span>\n\t\t\t<\/div>\n\t\t\t\n\t\t\t\t\t\t<div class=\"elementor-icon-box-content\">\n\n\t\t\t\t\t\t\t\t\t<h3 class=\"elementor-icon-box-title\">\n\t\t\t\t\t\t<span  >\n\t\t\t\t\t\t\t24\/7\/365 Verf\u00fcgbarkeit\t\t\t\t\t\t<\/span>\n\t\t\t\t\t<\/h3>\n\t\t\t\t\n\t\t\t\t\t\t\t\t\t<p class=\"elementor-icon-box-description\">\n\t\t\t\t\t\tWir sind rund um die Uhr f\u00fcr Sie da, um Ihre Lieferung so reibungslos wie m\u00f6glich zu gestalten.\t\t\t\t\t<\/p>\n\t\t\t\t\n\t\t\t<\/div>\n\t\t\t\n\t\t<\/div>\n\t\t\t\t\t\t<\/div>\n\t\t\t\t<\/div>\n\t\t\t\t<\/div>\n\t\t\t\t\t<\/div>\n\t\t\t\t<\/div>\n\t\t<footer class=\"elementor-element elementor-element-6a510b7 e-con-full e-flex e-con e-parent\" data-id=\"6a510b7\" data-element_type=\"container\">\n\t\t<div class=\"elementor-element elementor-element-7e1fe08 e-con-full e-flex e-con e-child\" data-id=\"7e1fe08\" data-element_type=\"container\">\n\t\t\t\t<div class=\"elementor-element elementor-element-e96575f elementor-widget elementor-widget-image\" data-id=\"e96575f\" data-element_type=\"widget\" data-widget_type=\"image.default\">\n\t\t\t\t<div class=\"elementor-widget-container\">\n\t\t\t\t\t\t\t\t\t\t\t\t\t\t\t<img decoding=\"async\" width=\"300\" height=\"300\" src=\"https:\/\/fastair-cargo.com\/wp-content\/uploads\/2025\/05\/Nevtelen-terv-3-300x300.png\" class=\"attachment-medium size-medium wp-image-1238\" alt=\"\" srcset=\"https:\/\/fastair-cargo.com\/wp-content\/uploads\/2025\/05\/Nevtelen-terv-3-300x300.png 300w, https:\/\/fastair-cargo.com\/wp-content\/uploads\/2025\/05\/Nevtelen-terv-3-150x150.png 150w, https:\/\/fastair-cargo.com\/wp-content\/uploads\/2025\/05\/Nevtelen-terv-3.png 500w\" sizes=\"(max-width: 300px) 100vw, 300px\" \/>\t\t\t\t\t\t\t\t\t\t\t\t\t\t\t<\/div>\n\t\t\t\t<\/div>\n\t\t\t\t<\/div>\n\t\t<div class=\"elementor-element elementor-element-639841e e-con-full e-flex e-con e-child\" data-id=\"639841e\" data-element_type=\"container\">\n\t\t\t\t<div class=\"elementor-element elementor-element-07ba6f1 elementor-icon-list--layout-inline elementor-tablet-align-center elementor-align-center elementor-list-item-link-full_width elementor-widget elementor-widget-icon-list\" data-id=\"07ba6f1\" data-element_type=\"widget\" data-widget_type=\"icon-list.default\">\n\t\t\t\t<div class=\"elementor-widget-container\">\n\t\t\t\t\t\t\t<ul class=\"elementor-icon-list-items elementor-inline-items\">\n\t\t\t\t\t\t\t<li class=\"elementor-icon-list-item elementor-inline-item\">\n\t\t\t\t\t\t\t\t\t\t\t<span class=\"elementor-icon-list-icon\">\n\t\t\t\t\t\t\t<svg aria-hidden=\"true\" class=\"e-font-icon-svg e-fas-phone-alt\" viewbox=\"0 0 512 512\" xmlns=\"http:\/\/www.w3.org\/2000\/svg\"><path d=\"M497.39 361.8l-112-48a24 24 0 0 0-28 6.9l-49.6 60.6A370.66 370.66 0 0 1 130.6 204.11l60.6-49.6a23.94 23.94 0 0 0 6.9-28l-48-112A24.16 24.16 0 0 0 122.6.61l-104 24A24 24 0 0 0 0 48c0 256.5 207.9 464 464 464a24 24 0 0 0 23.4-18.6l24-104a24.29 24.29 0 0 0-14.01-27.6z\"><\/path><\/svg>\t\t\t\t\t\t<\/span>\n\t\t\t\t\t\t\t\t\t\t<span class=\"elementor-icon-list-text\">+36 1 296 8828<\/span>\n\t\t\t\t\t\t\t\t\t<\/li>\n\t\t\t\t\t\t\t\t<li class=\"elementor-icon-list-item elementor-inline-item\">\n\t\t\t\t\t\t\t\t\t\t\t<span class=\"elementor-icon-list-icon\">\n\t\t\t\t\t\t\t<svg aria-hidden=\"true\" class=\"e-font-icon-svg e-fas-envelope\" viewbox=\"0 0 512 512\" xmlns=\"http:\/\/www.w3.org\/2000\/svg\"><path d=\"M502.3 190.8c3.9-3.1 9.7-.2 9.7 4.7V400c0 26.5-21.5 48-48 48H48c-26.5 0-48-21.5-48-48V195.6c0-5 5.7-7.8 9.7-4.7 22.4 17.4 52.1 39.5 154.1 113.6 21.1 15.4 56.7 47.8 92.2 47.6 35.7.3 72-32.8 92.3-47.6 102-74.1 131.6-96.3 154-113.7zM256 320c23.2.4 56.6-29.2 73.4-41.4 132.7-96.3 142.8-104.7 173.4-128.7 5.8-4.5 9.2-11.5 9.2-18.9v-19c0-26.5-21.5-48-48-48H48C21.5 64 0 85.5 0 112v19c0 7.4 3.4 14.3 9.2 18.9 30.6 23.9 40.7 32.4 173.4 128.7 16.8 12.2 50.2 41.8 73.4 41.4z\"><\/path><\/svg>\t\t\t\t\t\t<\/span>\n\t\t\t\t\t\t\t\t\t\t<span class=\"elementor-icon-list-text\">info@fastair-cargo.com<\/span>\n\t\t\t\t\t\t\t\t\t<\/li>\n\t\t\t\t\t\t\t\t<li class=\"elementor-icon-list-item elementor-inline-item\">\n\t\t\t\t\t\t\t\t\t\t\t<span class=\"elementor-icon-list-icon\">\n\t\t\t\t\t\t\t<svg aria-hidden=\"true\" class=\"e-font-icon-svg e-fas-map-marker-alt\" viewbox=\"0 0 384 512\" xmlns=\"http:\/\/www.w3.org\/2000\/svg\"><path d=\"M172.268 501.67C26.97 291.031 0 269.413 0 192 0 85.961 85.961 0 192 0s192 85.961 192 192c0 77.413-26.97 99.031-172.268 309.67-9.535 13.774-29.93 13.773-39.464 0zM192 272c44.183 0 80-35.817 80-80s-35.817-80-80-80-80 35.817-80 80 35.817 80 80 80z\"><\/path><\/svg>\t\t\t\t\t\t<\/span>\n\t\t\t\t\t\t\t\t\t\t<span class=\"elementor-icon-list-text\">BUD Cargo City, Vecs\u00e9s 2220, Hungary<\/span>\n\t\t\t\t\t\t\t\t\t<\/li>\n\t\t\t\t\t\t<\/ul>\n\t\t\t\t\t\t<\/div>\n\t\t\t\t<\/div>\n\t\t\t\t<\/div>\n\t\t<div class=\"elementor-element elementor-element-2939e89 e-con-full e-flex e-con e-child\" data-id=\"2939e89\" data-element_type=\"container\">\n\t\t\t\t<div class=\"elementor-element elementor-element-ae29350 e-grid-align-right e-grid-align-tablet-right e-grid-align-mobile-center elementor-widget-mobile__width-inherit elementor-shape-rounded elementor-grid-0 elementor-widget elementor-widget-social-icons\" data-id=\"ae29350\" data-element_type=\"widget\" data-widget_type=\"social-icons.default\">\n\t\t\t\t<div class=\"elementor-widget-container\">\n\t\t\t\t\t\t\t<div class=\"elementor-social-icons-wrapper elementor-grid\" role=\"list\">\n\t\t\t\t\t\t\t<span class=\"elementor-grid-item\" role=\"listitem\">\n\t\t\t\t\t<a class=\"elementor-icon elementor-social-icon elementor-social-icon-linkedin elementor-repeater-item-3f1b7ac\" href=\"https:\/\/www.linkedin.com\/company\/fastair-cargo-kft\" target=\"_blank\">\n\t\t\t\t\t\t<span class=\"elementor-screen-only\">Linkedin<\/span>\n\t\t\t\t\t\t<svg aria-hidden=\"true\" class=\"e-font-icon-svg e-fab-linkedin\" viewbox=\"0 0 448 512\" xmlns=\"http:\/\/www.w3.org\/2000\/svg\"><path d=\"M416 32H31.9C14.3 32 0 46.5 0 64.3v383.4C0 465.5 14.3 480 31.9 480H416c17.6 0 32-14.5 32-32.3V64.3c0-17.8-14.4-32.3-32-32.3zM135.4 416H69V202.2h66.5V416zm-33.2-243c-21.3 0-38.5-17.3-38.5-38.5S80.9 96 102.2 96c21.2 0 38.5 17.3 38.5 38.5 0 21.3-17.2 38.5-38.5 38.5zm282.1 243h-66.4V312c0-24.8-.5-56.7-34.5-56.7-34.6 0-39.9 27-39.9 54.9V416h-66.4V202.2h63.7v29.2h.9c8.9-16.8 30.6-34.5 62.9-34.5 67.2 0 79.7 44.3 79.7 101.9V416z\"><\/path><\/svg>\t\t\t\t\t<\/a>\n\t\t\t\t<\/span>\n\t\t\t\t\t\t\t<span class=\"elementor-grid-item\" role=\"listitem\">\n\t\t\t\t\t<a class=\"elementor-icon elementor-social-icon elementor-social-icon-whatsapp elementor-repeater-item-828f132\" href=\"https:\/\/wa.me\/+36309846085?text=Hello!\" target=\"_blank\">\n\t\t\t\t\t\t<span class=\"elementor-screen-only\">Whatsapp<\/span>\n\t\t\t\t\t\t<svg aria-hidden=\"true\" class=\"e-font-icon-svg e-fab-whatsapp\" viewbox=\"0 0 448 512\" xmlns=\"http:\/\/www.w3.org\/2000\/svg\"><path d=\"M380.9 97.1C339 55.1 283.2 32 223.9 32c-122.4 0-222 99.6-222 222 0 39.1 10.2 77.3 29.6 111L0 480l117.7-30.9c32.4 17.7 68.9 27 106.1 27h.1c122.3 0 224.1-99.6 224.1-222 0-59.3-25.2-115-67.1-157zm-157 341.6c-33.2 0-65.7-8.9-94-25.7l-6.7-4-69.8 18.3L72 359.2l-4.4-7c-18.5-29.4-28.2-63.3-28.2-98.2 0-101.7 82.8-184.5 184.6-184.5 49.3 0 95.6 19.2 130.4 54.1 34.8 34.9 56.2 81.2 56.1 130.5 0 101.8-84.9 184.6-186.6 184.6zm101.2-138.2c-5.5-2.8-32.8-16.2-37.9-18-5.1-1.9-8.8-2.8-12.5 2.8-3.7 5.6-14.3 18-17.6 21.8-3.2 3.7-6.5 4.2-12 1.4-32.6-16.3-54-29.1-75.5-66-5.7-9.8 5.7-9.1 16.3-30.3 1.8-3.7.9-6.9-.5-9.7-1.4-2.8-12.5-30.1-17.1-41.2-4.5-10.8-9.1-9.3-12.5-9.5-3.2-.2-6.9-.2-10.6-.2-3.7 0-9.7 1.4-14.8 6.9-5.1 5.6-19.4 19-19.4 46.3 0 27.3 19.9 53.7 22.6 57.4 2.8 3.7 39.1 59.7 94.8 83.8 35.2 15.2 49 16.5 66.6 13.9 10.7-1.6 32.8-13.4 37.4-26.4 4.6-13 4.6-24.1 3.2-26.4-1.3-2.5-5-3.9-10.5-6.6z\"><\/path><\/svg>\t\t\t\t\t<\/a>\n\t\t\t\t<\/span>\n\t\t\t\t\t<\/div>\n\t\t\t\t\t\t<\/div>\n\t\t\t\t<\/div>\n\t\t\t\t<\/div>\n\t\t\t\t<\/footer>\n\t\t<div class=\"elementor-element elementor-element-561f4b9 e-con-full e-flex e-con e-parent\" data-id=\"561f4b9\" data-element_type=\"container\" data-settings=\"{&quot;background_background&quot;:&quot;classic&quot;}\">\n\t\t\t\t<div class=\"elementor-element elementor-element-098c013 elementor-widget elementor-widget-heading\" data-id=\"098c013\" data-element_type=\"widget\" data-widget_type=\"heading.default\">\n\t\t\t\t<div class=\"elementor-widget-container\">\n\t\t\t\t\t<p class=\"elementor-heading-title elementor-size-default\">\u00a9 All Rights Reserved.<\/p>\t\t\t\t<\/div>\n\t\t\t\t<\/div>\n\t\t\t\t<\/div>\n\t\t\t\t<\/div>","protected":false},"excerpt":{"rendered":"<p>Pharmaceuticals and Healthcare Transport of Pharmaceuticals Our transport services for pharmaceuticals are designed to meet the stringent requirements of the healthcare industry. We provide temperature-controlled transport solutions that maintain the integrity of sensitive medical products throughout the supply chain. Our team is trained in compliance with all regulatory standards, ensuring that your pharmaceuticals are handled&#8230;<\/p>","protected":false},"author":1,"featured_media":0,"parent":0,"menu_order":0,"comment_status":"closed","ping_status":"closed","template":"","meta":{"_kadence_starter_templates_imported_post":false,"_kad_post_transparent":"","_kad_post_title":"hide","_kad_post_layout":"fullwidth","_kad_post_sidebar_id":"","_kad_post_content_style":"unboxed","_kad_post_vertical_padding":"hide","_kad_post_feature":"hide","_kad_post_feature_position":"","_kad_post_header":false,"_kad_post_footer":false,"footnotes":""},"class_list":["post-1282","page","type-page","status-publish","hentry"],"_links":{"self":[{"href":"https:\/\/fastair-cargo.com\/de\/wp-json\/wp\/v2\/pages\/1282","targetHints":{"allow":["GET"]}}],"collection":[{"href":"https:\/\/fastair-cargo.com\/de\/wp-json\/wp\/v2\/pages"}],"about":[{"href":"https:\/\/fastair-cargo.com\/de\/wp-json\/wp\/v2\/types\/page"}],"author":[{"embeddable":true,"href":"https:\/\/fastair-cargo.com\/de\/wp-json\/wp\/v2\/users\/1"}],"replies":[{"embeddable":true,"href":"https:\/\/fastair-cargo.com\/de\/wp-json\/wp\/v2\/comments?post=1282"}],"version-history":[{"count":28,"href":"https:\/\/fastair-cargo.com\/de\/wp-json\/wp\/v2\/pages\/1282\/revisions"}],"predecessor-version":[{"id":3488,"href":"https:\/\/fastair-cargo.com\/de\/wp-json\/wp\/v2\/pages\/1282\/revisions\/3488"}],"wp:attachment":[{"href":"https:\/\/fastair-cargo.com\/de\/wp-json\/wp\/v2\/media?parent=1282"}],"curies":[{"name":"wp","href":"https:\/\/api.w.org\/{rel}","templated":true}]}}