{"id":1283,"date":"2025-05-08T17:30:35","date_gmt":"2025-05-08T15:30:35","guid":{"rendered":"https:\/\/fastair-cargo.com\/new\/wordpress\/?page_id=1283"},"modified":"2025-08-14T07:48:28","modified_gmt":"2025-08-14T05:48:28","slug":"live-animals","status":"publish","type":"page","link":"https:\/\/fastair-cargo.com\/de\/live-animals\/","title":{"rendered":"Lebende Tiere"},"content":{"rendered":"<div data-elementor-type=\"wp-page\" data-elementor-id=\"1283\" class=\"elementor elementor-1283\" data-elementor-post-type=\"page\">\n\t\t\t\t<div class=\"elementor-element elementor-element-29f21c9 e-flex e-con-boxed e-con e-parent\" data-id=\"29f21c9\" data-element_type=\"container\" data-settings=\"{&quot;background_background&quot;:&quot;gradient&quot;}\">\n\t\t\t\t\t<div class=\"e-con-inner\">\n\t\t<div class=\"elementor-element elementor-element-df06e3c e-con-full e-flex e-con e-child\" data-id=\"df06e3c\" data-element_type=\"container\">\n\t\t\t\t<div class=\"elementor-element elementor-element-9b73dae elementor-widget elementor-widget-heading\" data-id=\"9b73dae\" data-element_type=\"widget\" data-widget_type=\"heading.default\">\n\t\t\t\t<div class=\"elementor-widget-container\">\n\t\t\t\t\t<h2 class=\"elementor-heading-title elementor-size-default\">Transport lebender Tiere<\/h2>\t\t\t\t<\/div>\n\t\t\t\t<\/div>\n\t\t\t\t<\/div>\n\t\t\t\t\t<\/div>\n\t\t\t\t<\/div>\n\t\t<div class=\"elementor-element elementor-element-8063d4b e-flex e-con-boxed e-con e-parent\" data-id=\"8063d4b\" data-element_type=\"container\">\n\t\t\t\t\t<div class=\"e-con-inner\">\n\t\t<div class=\"elementor-element elementor-element-836e08c e-con-full e-flex e-con e-child\" data-id=\"836e08c\" data-element_type=\"container\">\n\t\t<div class=\"elementor-element elementor-element-7806313 e-con-full e-flex e-con e-child\" data-id=\"7806313\" data-element_type=\"container\">\n\t\t\t\t<div class=\"elementor-element elementor-element-81a870f elementor-widget elementor-widget-text-editor\" data-id=\"81a870f\" data-element_type=\"widget\" data-widget_type=\"text-editor.default\">\n\t\t\t\t<div class=\"elementor-widget-container\">\n\t\t\t\t\t\t\t\t\t<h4>Lufttransport lebender Tiere<\/h4><p>Der Transport lebender Tiere ist eine Verantwortung, die wir sehr ernst nehmen. Unser Team ist in den besten Praktiken f\u00fcr den artgerechten Transport von Tieren geschult und sorgt f\u00fcr deren Komfort und Sicherheit w\u00e4hrend des Transports. Wir halten uns an alle Vorschriften und Richtlinien, um den Tieren eine stressfreie Erfahrung zu bieten. Wir k\u00f6nnen Ihnen auch Transportkisten zu einem g\u00fcnstigen Preis zur Verf\u00fcgung stellen, die allen Vorschriften f\u00fcr den Transport lebender Tiere auf dem Luftweg entsprechen. Unser Engagement f\u00fcr den Tierschutz erstreckt sich auch auf die \u00dcberwachung der Bedingungen w\u00e4hrend der gesamten Reise, um sicherzustellen, dass Ihre Tiere gesund und unversehrt an ihrem Bestimmungsort ankommen.<\/p>\t\t\t\t\t\t\t\t<\/div>\n\t\t\t\t<\/div>\n\t\t\t\t<div class=\"elementor-element elementor-element-5d445aa elementor-align-right elementor-widget elementor-widget-button\" data-id=\"5d445aa\" data-element_type=\"widget\" data-widget_type=\"button.default\">\n\t\t\t\t<div class=\"elementor-widget-container\">\n\t\t\t\t\t\t\t\t\t<div class=\"elementor-button-wrapper\">\n\t\t\t\t\t<a class=\"elementor-button elementor-button-link elementor-size-sm\" href=\"https:\/\/fastair-cargo.com\/de\/contact\/\">\n\t\t\t\t\t\t<span class=\"elementor-button-content-wrapper\">\n\t\t\t\t\t\t<span class=\"elementor-button-icon\">\n\t\t\t\t<svg aria-hidden=\"true\" class=\"e-font-icon-svg e-fas-paw\" viewbox=\"0 0 512 512\" xmlns=\"http:\/\/www.w3.org\/2000\/svg\"><path d=\"M256 224c-79.41 0-192 122.76-192 200.25 0 34.9 26.81 55.75 71.74 55.75 48.84 0 81.09-25.08 120.26-25.08 39.51 0 71.85 25.08 120.26 25.08 44.93 0 71.74-20.85 71.74-55.75C448 346.76 335.41 224 256 224zm-147.28-12.61c-10.4-34.65-42.44-57.09-71.56-50.13-29.12 6.96-44.29 40.69-33.89 75.34 10.4 34.65 42.44 57.09 71.56 50.13 29.12-6.96 44.29-40.69 33.89-75.34zm84.72-20.78c30.94-8.14 46.42-49.94 34.58-93.36s-46.52-72.01-77.46-63.87-46.42 49.94-34.58 93.36c11.84 43.42 46.53 72.02 77.46 63.87zm281.39-29.34c-29.12-6.96-61.15 15.48-71.56 50.13-10.4 34.65 4.77 68.38 33.89 75.34 29.12 6.96 61.15-15.48 71.56-50.13 10.4-34.65-4.77-68.38-33.89-75.34zm-156.27 29.34c30.94 8.14 65.62-20.45 77.46-63.87 11.84-43.42-3.64-85.21-34.58-93.36s-65.62 20.45-77.46 63.87c-11.84 43.42 3.64 85.22 34.58 93.36z\"><\/path><\/svg>\t\t\t<\/span>\n\t\t\t\t\t\t\t\t\t<span class=\"elementor-button-text\">Angebot anfordern<\/span>\n\t\t\t\t\t<\/span>\n\t\t\t\t\t<\/a>\n\t\t\t\t<\/div>\n\t\t\t\t\t\t\t\t<\/div>\n\t\t\t\t<\/div>\n\t\t\t\t<\/div>\n\t\t<div class=\"elementor-element elementor-element-3a25cf8 e-con-full e-flex e-con e-child\" data-id=\"3a25cf8\" data-element_type=\"container\">\n\t\t\t\t<div class=\"elementor-element elementor-element-4ed3b3e elementor-widget elementor-widget-image\" data-id=\"4ed3b3e\" data-element_type=\"widget\" data-widget_type=\"image.default\">\n\t\t\t\t<div class=\"elementor-widget-container\">\n\t\t\t\t\t\t\t\t\t\t\t\t\t\t\t<img fetchpriority=\"high\" decoding=\"async\" width=\"450\" height=\"300\" src=\"https:\/\/fastair-cargo.com\/wp-content\/uploads\/2025\/05\/General-Cargo-6.png\" class=\"attachment-large size-large wp-image-1580\" alt=\"\" srcset=\"https:\/\/fastair-cargo.com\/wp-content\/uploads\/2025\/05\/General-Cargo-6.png 450w, https:\/\/fastair-cargo.com\/wp-content\/uploads\/2025\/05\/General-Cargo-6-300x200.png 300w\" sizes=\"(max-width: 450px) 100vw, 450px\" \/>\t\t\t\t\t\t\t\t\t\t\t\t\t\t\t<\/div>\n\t\t\t\t<\/div>\n\t\t\t\t<\/div>\n\t\t\t\t<\/div>\n\t\t\t\t\t<\/div>\n\t\t\t\t<\/div>\n\t\t<div class=\"elementor-element elementor-element-eb2a732 e-flex e-con-boxed e-con e-parent\" data-id=\"eb2a732\" data-element_type=\"container\">\n\t\t\t\t\t<div class=\"e-con-inner\">\n\t\t\t\t<div class=\"elementor-element elementor-element-73fc72c elementor-widget-divider--view-line elementor-widget elementor-widget-divider\" data-id=\"73fc72c\" data-element_type=\"widget\" data-widget_type=\"divider.default\">\n\t\t\t\t<div class=\"elementor-widget-container\">\n\t\t\t\t\t\t\t<div class=\"elementor-divider\">\n\t\t\t<span class=\"elementor-divider-separator\">\n\t\t\t\t\t\t<\/span>\n\t\t<\/div>\n\t\t\t\t\t\t<\/div>\n\t\t\t\t<\/div>\n\t\t\t\t\t<\/div>\n\t\t\t\t<\/div>\n\t\t<div class=\"elementor-element elementor-element-4c13188 e-con-full e-flex e-con e-parent\" data-id=\"4c13188\" data-element_type=\"container\">\n\t\t\t\t<div class=\"elementor-element elementor-element-78672b2 elementor-widget elementor-widget-heading\" data-id=\"78672b2\" data-element_type=\"widget\" data-widget_type=\"heading.default\">\n\t\t\t\t<div class=\"elementor-widget-container\">\n\t\t\t\t\t<h3 class=\"elementor-heading-title elementor-size-default\">Kundenrezensionen<\/h3>\t\t\t\t<\/div>\n\t\t\t\t<\/div>\n\t\t<div class=\"elementor-element elementor-element-ef78ddb e-con-full e-flex e-con e-child\" data-id=\"ef78ddb\" data-element_type=\"container\">\n\t\t\t\t<div class=\"elementor-element elementor-element-ee6a66f elementor-widget elementor-widget-testimonial\" data-id=\"ee6a66f\" data-element_type=\"widget\" data-widget_type=\"testimonial.default\">\n\t\t\t\t<div class=\"elementor-widget-container\">\n\t\t\t\t\t\t\t<div class=\"elementor-testimonial-wrapper\">\n\t\t\t\t\t\t\t<div class=\"elementor-testimonial-content\">\"Wir haben das Unternehmen wegen des Transports gro\u00dfer Hunde auf der Strecke Budapest-Dubai kontaktiert. Von Anfang an waren sie kompetent und hilfsbereit, mit klaren und schnellen Antworten auf alle unsere Fragen. Bei einem scheinbar einfachen Fall, der durch eine Reihe von Fehlern in der von uns gew\u00e4hlten Arztpraxis verursacht wurde, haben Gabriella und Rebeka immer eine wunderbare L\u00f6sung gefunden, so dass der Transport dank ihnen nicht in letzter Minute scheiterte. Ich danke den beiden f\u00fcr ihre unglaubliche Arbeit und kann sie nur jedem empfehlen, man ist garantiert in guten H\u00e4nden.\"<\/div>\n\t\t\t\n\t\t\t\t\t\t<div class=\"elementor-testimonial-meta elementor-has-image elementor-testimonial-image-position-aside\">\n\t\t\t\t<div class=\"elementor-testimonial-meta-inner\">\n\t\t\t\t\t\t\t\t\t\t\t<div class=\"elementor-testimonial-image\">\n\t\t\t\t\t\t\t<img decoding=\"async\" width=\"450\" height=\"300\" src=\"https:\/\/fastair-cargo.com\/wp-content\/uploads\/2025\/06\/General-Cargo-47.png\" class=\"attachment-full size-full wp-image-2879\" alt=\"\" srcset=\"https:\/\/fastair-cargo.com\/wp-content\/uploads\/2025\/06\/General-Cargo-47.png 450w, https:\/\/fastair-cargo.com\/wp-content\/uploads\/2025\/06\/General-Cargo-47-300x200.png 300w, https:\/\/fastair-cargo.com\/wp-content\/uploads\/2025\/06\/General-Cargo-47-18x12.png 18w\" sizes=\"(max-width: 450px) 100vw, 450px\" \/>\t\t\t\t\t\t<\/div>\n\t\t\t\t\t\n\t\t\t\t\t\t\t\t\t<\/div>\n\t\t\t<\/div>\n\t\t\t\t\t<\/div>\n\t\t\t\t\t\t<\/div>\n\t\t\t\t<\/div>\n\t\t\t\t<\/div>\n\t\t<div class=\"elementor-element elementor-element-a6c7a54 e-con-full e-flex e-con e-child\" data-id=\"a6c7a54\" data-element_type=\"container\">\n\t\t<div class=\"elementor-element elementor-element-0bfda68 e-grid e-con-full e-con e-child\" data-id=\"0bfda68\" data-element_type=\"container\">\n\t\t\t\t<div class=\"elementor-element elementor-element-4b4e6bc elementor-widget elementor-widget-testimonial\" data-id=\"4b4e6bc\" data-element_type=\"widget\" data-widget_type=\"testimonial.default\">\n\t\t\t\t<div class=\"elementor-widget-container\">\n\t\t\t\t\t\t\t<div class=\"elementor-testimonial-wrapper\">\n\t\t\t\t\t\t\t<div class=\"elementor-testimonial-content\">\"Niemand k\u00f6nnte sich ein besseres Luftfrachtunternehmen w\u00fcnschen. Sie sind nett, hilfsbereit und unendlich geduldig, selbst mit dem \u00fcberfordertsten Kunden. Sie machen das Unm\u00f6gliche sofort, und man muss nicht so lange auf ein Wunder warten, wie es anderswo der Fall w\u00e4re. 10\/10.\"<\/div>\n\t\t\t\n\t\t\t\t\t<\/div>\n\t\t\t\t\t\t<\/div>\n\t\t\t\t<\/div>\n\t\t\t\t<div class=\"elementor-element elementor-element-be3d1ff elementor-widget elementor-widget-testimonial\" data-id=\"be3d1ff\" data-element_type=\"widget\" data-widget_type=\"testimonial.default\">\n\t\t\t\t<div class=\"elementor-widget-container\">\n\t\t\t\t\t\t\t<div class=\"elementor-testimonial-wrapper\">\n\t\t\t\t\t\t\t<div class=\"elementor-testimonial-content\">\"Sie sind immer erreichbar und reagieren prompt auf Fragen. Sie sind kooperativ, reagieren schnell und flexibel auf \u00c4nderungen und kommunizieren auf h\u00f6fliche Weise.<\/div>\n\t\t\t\n\t\t\t\t\t<\/div>\n\t\t\t\t\t\t<\/div>\n\t\t\t\t<\/div>\n\t\t\t\t<div class=\"elementor-element elementor-element-95ce08c elementor-widget elementor-widget-testimonial\" data-id=\"95ce08c\" data-element_type=\"widget\" data-widget_type=\"testimonial.default\">\n\t\t\t\t<div class=\"elementor-widget-container\">\n\t\t\t\t\t\t\t<div class=\"elementor-testimonial-wrapper\">\n\t\t\t\t\t\t\t<div class=\"elementor-testimonial-content\">\"Wir haben einen Hund mit dem Flugzeug nach Dubai gebracht. Sie waren durchweg sehr geduldig und hilfsbereit. Nochmals vielen Dank an Szilard!\"<\/div>\n\t\t\t\n\t\t\t\t\t<\/div>\n\t\t\t\t\t\t<\/div>\n\t\t\t\t<\/div>\n\t\t\t\t<div class=\"elementor-element elementor-element-88768f4 elementor-widget elementor-widget-testimonial\" data-id=\"88768f4\" data-element_type=\"widget\" data-widget_type=\"testimonial.default\">\n\t\t\t\t<div class=\"elementor-widget-container\">\n\t\t\t\t\t\t\t<div class=\"elementor-testimonial-wrapper\">\n\t\t\t\t\t\t\t<div class=\"elementor-testimonial-content\">\u201eTolles Team, die k\u00f6nnen alles!\u201c<\/div>\n\t\t\t\n\t\t\t\t\t<\/div>\n\t\t\t\t\t\t<\/div>\n\t\t\t\t<\/div>\n\t\t\t\t<div class=\"elementor-element elementor-element-b051cd5 elementor-widget elementor-widget-testimonial\" data-id=\"b051cd5\" data-element_type=\"widget\" data-widget_type=\"testimonial.default\">\n\t\t\t\t<div class=\"elementor-widget-container\">\n\t\t\t\t\t\t\t<div class=\"elementor-testimonial-wrapper\">\n\t\t\t\t\t\t\t<div class=\"elementor-testimonial-content\">\"Es ist m\u00f6glich, im Vorfeld Absprachen zu treffen. Auch individuelle W\u00fcnsche k\u00f6nnen erf\u00fcllt werden. Sie versuchen, f\u00fcr alles die beste L\u00f6sung zu finden.\"<\/div>\n\t\t\t\n\t\t\t\t\t<\/div>\n\t\t\t\t\t\t<\/div>\n\t\t\t\t<\/div>\n\t\t\t\t<div class=\"elementor-element elementor-element-524766d elementor-widget elementor-widget-testimonial\" data-id=\"524766d\" data-element_type=\"widget\" data-widget_type=\"testimonial.default\">\n\t\t\t\t<div class=\"elementor-widget-container\">\n\t\t\t\t\t\t\t<div class=\"elementor-testimonial-wrapper\">\n\t\t\t\t\t\t\t<div class=\"elementor-testimonial-content\">\"Zuverl\u00e4ssig, schnell, immer erreichbar. Sie geben immer die Informationen weiter, die man braucht und beraten einen, wenn man Fragen hat.\"<\/div>\n\t\t\t\n\t\t\t\t\t<\/div>\n\t\t\t\t\t\t<\/div>\n\t\t\t\t<\/div>\n\t\t\t\t<\/div>\n\t\t\t\t<\/div>\n\t\t\t\t<\/div>\n\t\t<div class=\"elementor-element elementor-element-8345a96 e-flex e-con-boxed e-con e-parent\" data-id=\"8345a96\" data-element_type=\"container\">\n\t\t\t\t\t<div class=\"e-con-inner\">\n\t\t<div class=\"elementor-element elementor-element-6c78218 e-con-full e-flex e-con e-child\" data-id=\"6c78218\" data-element_type=\"container\">\n\t\t\t\t<div class=\"elementor-element elementor-element-217d899 elementor-view-default elementor-position-block-start elementor-mobile-position-block-start elementor-widget elementor-widget-icon-box\" data-id=\"217d899\" data-element_type=\"widget\" data-widget_type=\"icon-box.default\">\n\t\t\t\t<div class=\"elementor-widget-container\">\n\t\t\t\t\t\t\t<div class=\"elementor-icon-box-wrapper\">\n\n\t\t\t\t\t\t<div class=\"elementor-icon-box-icon\">\n\t\t\t\t<span  class=\"elementor-icon\">\n\t\t\t\t<svg aria-hidden=\"true\" class=\"e-font-icon-svg e-fas-star\" viewbox=\"0 0 576 512\" xmlns=\"http:\/\/www.w3.org\/2000\/svg\"><path d=\"M259.3 17.8L194 150.2 47.9 171.5c-26.2 3.8-36.7 36.1-17.7 54.6l105.7 103-25 145.5c-4.5 26.3 23.2 46 46.4 33.7L288 439.6l130.7 68.7c23.2 12.2 50.9-7.4 46.4-33.7l-25-145.5 105.7-103c19-18.5 8.5-50.8-17.7-54.6L382 150.2 316.7 17.8c-11.7-23.6-45.6-23.9-57.4 0z\"><\/path><\/svg>\t\t\t\t<\/span>\n\t\t\t<\/div>\n\t\t\t\n\t\t\t\t\t\t<div class=\"elementor-icon-box-content\">\n\n\t\t\t\t\t\t\t\t\t<h3 class=\"elementor-icon-box-title\">\n\t\t\t\t\t\t<span  >\n\t\t\t\t\t\t\t\u00dcber 20 Jahre Erfahrung\t\t\t\t\t\t<\/span>\n\t\t\t\t\t<\/h3>\n\t\t\t\t\n\t\t\t\t\t\t\t\t\t<p class=\"elementor-icon-box-description\">\n\t\t\t\t\t\tDie Erfahrung unserer Mitarbeiter sorgt f\u00fcr reibungslose Lieferungen.\t\t\t\t\t<\/p>\n\t\t\t\t\n\t\t\t<\/div>\n\t\t\t\n\t\t<\/div>\n\t\t\t\t\t\t<\/div>\n\t\t\t\t<\/div>\n\t\t\t\t<\/div>\n\t\t<div class=\"elementor-element elementor-element-9ebbc5a e-con-full e-flex e-con e-child\" data-id=\"9ebbc5a\" data-element_type=\"container\">\n\t\t\t\t<div class=\"elementor-element elementor-element-1239e95 elementor-view-default elementor-position-block-start elementor-mobile-position-block-start elementor-widget elementor-widget-icon-box\" data-id=\"1239e95\" data-element_type=\"widget\" data-widget_type=\"icon-box.default\">\n\t\t\t\t<div class=\"elementor-widget-container\">\n\t\t\t\t\t\t\t<div class=\"elementor-icon-box-wrapper\">\n\n\t\t\t\t\t\t<div class=\"elementor-icon-box-icon\">\n\t\t\t\t<span  class=\"elementor-icon\">\n\t\t\t\t<svg aria-hidden=\"true\" class=\"e-font-icon-svg e-far-moon\" viewbox=\"0 0 512 512\" xmlns=\"http:\/\/www.w3.org\/2000\/svg\"><path d=\"M279.135 512c78.756 0 150.982-35.804 198.844-94.775 28.27-34.831-2.558-85.722-46.249-77.401-82.348 15.683-158.272-47.268-158.272-130.792 0-48.424 26.06-92.292 67.434-115.836 38.745-22.05 28.999-80.788-15.022-88.919A257.936 257.936 0 0 0 279.135 0c-141.36 0-256 114.575-256 256 0 141.36 114.576 256 256 256zm0-464c12.985 0 25.689 1.201 38.016 3.478-54.76 31.163-91.693 90.042-91.693 157.554 0 113.848 103.641 199.2 215.252 177.944C402.574 433.964 344.366 464 279.135 464c-114.875 0-208-93.125-208-208s93.125-208 208-208z\"><\/path><\/svg>\t\t\t\t<\/span>\n\t\t\t<\/div>\n\t\t\t\n\t\t\t\t\t\t<div class=\"elementor-icon-box-content\">\n\n\t\t\t\t\t\t\t\t\t<h3 class=\"elementor-icon-box-title\">\n\t\t\t\t\t\t<span  >\n\t\t\t\t\t\t\t24\/7\/365 Verf\u00fcgbarkeit\t\t\t\t\t\t<\/span>\n\t\t\t\t\t<\/h3>\n\t\t\t\t\n\t\t\t\t\t\t\t\t\t<p class=\"elementor-icon-box-description\">\n\t\t\t\t\t\tWir sind rund um die Uhr f\u00fcr Sie da, um Ihre Lieferung so reibungslos wie m\u00f6glich zu gestalten.\t\t\t\t\t<\/p>\n\t\t\t\t\n\t\t\t<\/div>\n\t\t\t\n\t\t<\/div>\n\t\t\t\t\t\t<\/div>\n\t\t\t\t<\/div>\n\t\t\t\t<\/div>\n\t\t\t\t\t<\/div>\n\t\t\t\t<\/div>\n\t\t<footer class=\"elementor-element elementor-element-c7ded68 e-con-full e-flex e-con e-parent\" data-id=\"c7ded68\" data-element_type=\"container\">\n\t\t<div class=\"elementor-element elementor-element-dc2b86d e-con-full e-flex e-con e-child\" data-id=\"dc2b86d\" data-element_type=\"container\">\n\t\t\t\t<div class=\"elementor-element elementor-element-8ab23d2 elementor-widget elementor-widget-image\" data-id=\"8ab23d2\" data-element_type=\"widget\" data-widget_type=\"image.default\">\n\t\t\t\t<div class=\"elementor-widget-container\">\n\t\t\t\t\t\t\t\t\t\t\t\t\t\t\t<img decoding=\"async\" width=\"300\" height=\"300\" src=\"https:\/\/fastair-cargo.com\/wp-content\/uploads\/2025\/05\/Nevtelen-terv-3-300x300.png\" class=\"attachment-medium size-medium wp-image-1238\" alt=\"\" srcset=\"https:\/\/fastair-cargo.com\/wp-content\/uploads\/2025\/05\/Nevtelen-terv-3-300x300.png 300w, https:\/\/fastair-cargo.com\/wp-content\/uploads\/2025\/05\/Nevtelen-terv-3-150x150.png 150w, https:\/\/fastair-cargo.com\/wp-content\/uploads\/2025\/05\/Nevtelen-terv-3.png 500w\" sizes=\"(max-width: 300px) 100vw, 300px\" \/>\t\t\t\t\t\t\t\t\t\t\t\t\t\t\t<\/div>\n\t\t\t\t<\/div>\n\t\t\t\t<\/div>\n\t\t<div class=\"elementor-element elementor-element-c03f332 e-con-full e-flex e-con e-child\" data-id=\"c03f332\" data-element_type=\"container\">\n\t\t\t\t<div class=\"elementor-element elementor-element-6dcc104 elementor-icon-list--layout-inline elementor-tablet-align-center elementor-align-center elementor-list-item-link-full_width elementor-widget elementor-widget-icon-list\" data-id=\"6dcc104\" data-element_type=\"widget\" data-widget_type=\"icon-list.default\">\n\t\t\t\t<div class=\"elementor-widget-container\">\n\t\t\t\t\t\t\t<ul class=\"elementor-icon-list-items elementor-inline-items\">\n\t\t\t\t\t\t\t<li class=\"elementor-icon-list-item elementor-inline-item\">\n\t\t\t\t\t\t\t\t\t\t\t<span class=\"elementor-icon-list-icon\">\n\t\t\t\t\t\t\t<svg aria-hidden=\"true\" class=\"e-font-icon-svg e-fas-phone-alt\" viewbox=\"0 0 512 512\" xmlns=\"http:\/\/www.w3.org\/2000\/svg\"><path d=\"M497.39 361.8l-112-48a24 24 0 0 0-28 6.9l-49.6 60.6A370.66 370.66 0 0 1 130.6 204.11l60.6-49.6a23.94 23.94 0 0 0 6.9-28l-48-112A24.16 24.16 0 0 0 122.6.61l-104 24A24 24 0 0 0 0 48c0 256.5 207.9 464 464 464a24 24 0 0 0 23.4-18.6l24-104a24.29 24.29 0 0 0-14.01-27.6z\"><\/path><\/svg>\t\t\t\t\t\t<\/span>\n\t\t\t\t\t\t\t\t\t\t<span class=\"elementor-icon-list-text\">+36 1 296 8828<\/span>\n\t\t\t\t\t\t\t\t\t<\/li>\n\t\t\t\t\t\t\t\t<li class=\"elementor-icon-list-item elementor-inline-item\">\n\t\t\t\t\t\t\t\t\t\t\t<span class=\"elementor-icon-list-icon\">\n\t\t\t\t\t\t\t<svg aria-hidden=\"true\" class=\"e-font-icon-svg e-fas-envelope\" viewbox=\"0 0 512 512\" xmlns=\"http:\/\/www.w3.org\/2000\/svg\"><path d=\"M502.3 190.8c3.9-3.1 9.7-.2 9.7 4.7V400c0 26.5-21.5 48-48 48H48c-26.5 0-48-21.5-48-48V195.6c0-5 5.7-7.8 9.7-4.7 22.4 17.4 52.1 39.5 154.1 113.6 21.1 15.4 56.7 47.8 92.2 47.6 35.7.3 72-32.8 92.3-47.6 102-74.1 131.6-96.3 154-113.7zM256 320c23.2.4 56.6-29.2 73.4-41.4 132.7-96.3 142.8-104.7 173.4-128.7 5.8-4.5 9.2-11.5 9.2-18.9v-19c0-26.5-21.5-48-48-48H48C21.5 64 0 85.5 0 112v19c0 7.4 3.4 14.3 9.2 18.9 30.6 23.9 40.7 32.4 173.4 128.7 16.8 12.2 50.2 41.8 73.4 41.4z\"><\/path><\/svg>\t\t\t\t\t\t<\/span>\n\t\t\t\t\t\t\t\t\t\t<span class=\"elementor-icon-list-text\">info@fastair-cargo.com<\/span>\n\t\t\t\t\t\t\t\t\t<\/li>\n\t\t\t\t\t\t\t\t<li class=\"elementor-icon-list-item elementor-inline-item\">\n\t\t\t\t\t\t\t\t\t\t\t<span class=\"elementor-icon-list-icon\">\n\t\t\t\t\t\t\t<svg aria-hidden=\"true\" class=\"e-font-icon-svg e-fas-map-marker-alt\" viewbox=\"0 0 384 512\" xmlns=\"http:\/\/www.w3.org\/2000\/svg\"><path d=\"M172.268 501.67C26.97 291.031 0 269.413 0 192 0 85.961 85.961 0 192 0s192 85.961 192 192c0 77.413-26.97 99.031-172.268 309.67-9.535 13.774-29.93 13.773-39.464 0zM192 272c44.183 0 80-35.817 80-80s-35.817-80-80-80-80 35.817-80 80 35.817 80 80 80z\"><\/path><\/svg>\t\t\t\t\t\t<\/span>\n\t\t\t\t\t\t\t\t\t\t<span class=\"elementor-icon-list-text\">BUD Cargo City, Vecs\u00e9s 2220, Hungary<\/span>\n\t\t\t\t\t\t\t\t\t<\/li>\n\t\t\t\t\t\t<\/ul>\n\t\t\t\t\t\t<\/div>\n\t\t\t\t<\/div>\n\t\t\t\t<\/div>\n\t\t<div class=\"elementor-element elementor-element-0e750f4 e-con-full e-flex e-con e-child\" data-id=\"0e750f4\" data-element_type=\"container\">\n\t\t\t\t<div class=\"elementor-element elementor-element-d4f63b6 e-grid-align-right e-grid-align-tablet-right e-grid-align-mobile-center elementor-widget-mobile__width-inherit elementor-shape-rounded elementor-grid-0 elementor-widget elementor-widget-social-icons\" data-id=\"d4f63b6\" data-element_type=\"widget\" data-widget_type=\"social-icons.default\">\n\t\t\t\t<div class=\"elementor-widget-container\">\n\t\t\t\t\t\t\t<div class=\"elementor-social-icons-wrapper elementor-grid\" role=\"list\">\n\t\t\t\t\t\t\t<span class=\"elementor-grid-item\" role=\"listitem\">\n\t\t\t\t\t<a class=\"elementor-icon elementor-social-icon elementor-social-icon-linkedin elementor-repeater-item-3f1b7ac\" href=\"https:\/\/www.linkedin.com\/company\/fastair-cargo-kft\" target=\"_blank\">\n\t\t\t\t\t\t<span class=\"elementor-screen-only\">Linkedin<\/span>\n\t\t\t\t\t\t<svg aria-hidden=\"true\" class=\"e-font-icon-svg e-fab-linkedin\" viewbox=\"0 0 448 512\" xmlns=\"http:\/\/www.w3.org\/2000\/svg\"><path d=\"M416 32H31.9C14.3 32 0 46.5 0 64.3v383.4C0 465.5 14.3 480 31.9 480H416c17.6 0 32-14.5 32-32.3V64.3c0-17.8-14.4-32.3-32-32.3zM135.4 416H69V202.2h66.5V416zm-33.2-243c-21.3 0-38.5-17.3-38.5-38.5S80.9 96 102.2 96c21.2 0 38.5 17.3 38.5 38.5 0 21.3-17.2 38.5-38.5 38.5zm282.1 243h-66.4V312c0-24.8-.5-56.7-34.5-56.7-34.6 0-39.9 27-39.9 54.9V416h-66.4V202.2h63.7v29.2h.9c8.9-16.8 30.6-34.5 62.9-34.5 67.2 0 79.7 44.3 79.7 101.9V416z\"><\/path><\/svg>\t\t\t\t\t<\/a>\n\t\t\t\t<\/span>\n\t\t\t\t\t\t\t<span class=\"elementor-grid-item\" role=\"listitem\">\n\t\t\t\t\t<a class=\"elementor-icon elementor-social-icon elementor-social-icon-whatsapp elementor-repeater-item-828f132\" href=\"https:\/\/wa.me\/+36309846085?text=Hello!\" target=\"_blank\">\n\t\t\t\t\t\t<span class=\"elementor-screen-only\">Whatsapp<\/span>\n\t\t\t\t\t\t<svg aria-hidden=\"true\" class=\"e-font-icon-svg e-fab-whatsapp\" viewbox=\"0 0 448 512\" xmlns=\"http:\/\/www.w3.org\/2000\/svg\"><path d=\"M380.9 97.1C339 55.1 283.2 32 223.9 32c-122.4 0-222 99.6-222 222 0 39.1 10.2 77.3 29.6 111L0 480l117.7-30.9c32.4 17.7 68.9 27 106.1 27h.1c122.3 0 224.1-99.6 224.1-222 0-59.3-25.2-115-67.1-157zm-157 341.6c-33.2 0-65.7-8.9-94-25.7l-6.7-4-69.8 18.3L72 359.2l-4.4-7c-18.5-29.4-28.2-63.3-28.2-98.2 0-101.7 82.8-184.5 184.6-184.5 49.3 0 95.6 19.2 130.4 54.1 34.8 34.9 56.2 81.2 56.1 130.5 0 101.8-84.9 184.6-186.6 184.6zm101.2-138.2c-5.5-2.8-32.8-16.2-37.9-18-5.1-1.9-8.8-2.8-12.5 2.8-3.7 5.6-14.3 18-17.6 21.8-3.2 3.7-6.5 4.2-12 1.4-32.6-16.3-54-29.1-75.5-66-5.7-9.8 5.7-9.1 16.3-30.3 1.8-3.7.9-6.9-.5-9.7-1.4-2.8-12.5-30.1-17.1-41.2-4.5-10.8-9.1-9.3-12.5-9.5-3.2-.2-6.9-.2-10.6-.2-3.7 0-9.7 1.4-14.8 6.9-5.1 5.6-19.4 19-19.4 46.3 0 27.3 19.9 53.7 22.6 57.4 2.8 3.7 39.1 59.7 94.8 83.8 35.2 15.2 49 16.5 66.6 13.9 10.7-1.6 32.8-13.4 37.4-26.4 4.6-13 4.6-24.1 3.2-26.4-1.3-2.5-5-3.9-10.5-6.6z\"><\/path><\/svg>\t\t\t\t\t<\/a>\n\t\t\t\t<\/span>\n\t\t\t\t\t<\/div>\n\t\t\t\t\t\t<\/div>\n\t\t\t\t<\/div>\n\t\t\t\t<\/div>\n\t\t\t\t<\/footer>\n\t\t<div class=\"elementor-element elementor-element-a7dd1e9 e-con-full e-flex e-con e-parent\" data-id=\"a7dd1e9\" data-element_type=\"container\" data-settings=\"{&quot;background_background&quot;:&quot;classic&quot;}\">\n\t\t\t\t<div class=\"elementor-element elementor-element-79360ce elementor-widget elementor-widget-heading\" data-id=\"79360ce\" data-element_type=\"widget\" data-widget_type=\"heading.default\">\n\t\t\t\t<div class=\"elementor-widget-container\">\n\t\t\t\t\t<p class=\"elementor-heading-title elementor-size-default\">\u00a9 All Rights Reserved.<\/p>\t\t\t\t<\/div>\n\t\t\t\t<\/div>\n\t\t\t\t<\/div>\n\t\t\t\t<\/div>","protected":false},"excerpt":{"rendered":"<p>Transport of Live Animals Live Animal Air Transport Transporting live animals is a responsibility we take seriously. Our team is trained in best practices for the humane transport of animals, ensuring their comfort and safety during transit. We adhere to all regulations and guidelines to provide a stress-free experience for the animals. We can also&#8230;<\/p>","protected":false},"author":1,"featured_media":0,"parent":0,"menu_order":0,"comment_status":"closed","ping_status":"closed","template":"","meta":{"_kadence_starter_templates_imported_post":false,"_kad_post_transparent":"","_kad_post_title":"hide","_kad_post_layout":"fullwidth","_kad_post_sidebar_id":"","_kad_post_content_style":"unboxed","_kad_post_vertical_padding":"hide","_kad_post_feature":"hide","_kad_post_feature_position":"","_kad_post_header":false,"_kad_post_footer":false,"footnotes":""},"class_list":["post-1283","page","type-page","status-publish","hentry"],"_links":{"self":[{"href":"https:\/\/fastair-cargo.com\/de\/wp-json\/wp\/v2\/pages\/1283","targetHints":{"allow":["GET"]}}],"collection":[{"href":"https:\/\/fastair-cargo.com\/de\/wp-json\/wp\/v2\/pages"}],"about":[{"href":"https:\/\/fastair-cargo.com\/de\/wp-json\/wp\/v2\/types\/page"}],"author":[{"embeddable":true,"href":"https:\/\/fastair-cargo.com\/de\/wp-json\/wp\/v2\/users\/1"}],"replies":[{"embeddable":true,"href":"https:\/\/fastair-cargo.com\/de\/wp-json\/wp\/v2\/comments?post=1283"}],"version-history":[{"count":40,"href":"https:\/\/fastair-cargo.com\/de\/wp-json\/wp\/v2\/pages\/1283\/revisions"}],"predecessor-version":[{"id":3491,"href":"https:\/\/fastair-cargo.com\/de\/wp-json\/wp\/v2\/pages\/1283\/revisions\/3491"}],"wp:attachment":[{"href":"https:\/\/fastair-cargo.com\/de\/wp-json\/wp\/v2\/media?parent=1283"}],"curies":[{"name":"wp","href":"https:\/\/api.w.org\/{rel}","templated":true}]}}