{"id":1272,"date":"2025-05-08T17:30:35","date_gmt":"2025-05-08T15:30:35","guid":{"rendered":"https:\/\/fastair-cargo.com\/new\/wordpress\/?page_id=1272"},"modified":"2025-08-14T02:10:53","modified_gmt":"2025-08-14T00:10:53","slug":"sea-freight","status":"publish","type":"page","link":"https:\/\/fastair-cargo.com\/es\/sea-freight\/","title":{"rendered":"Transporte mar\u00edtimo"},"content":{"rendered":"<div data-elementor-type=\"wp-page\" data-elementor-id=\"1272\" class=\"elementor elementor-1272\" data-elementor-post-type=\"page\">\n\t\t\t\t<div class=\"elementor-element elementor-element-e7647c8 e-flex e-con-boxed e-con e-parent\" data-id=\"e7647c8\" data-element_type=\"container\" data-settings=\"{&quot;background_background&quot;:&quot;gradient&quot;}\">\n\t\t\t\t\t<div class=\"e-con-inner\">\n\t\t<div class=\"elementor-element elementor-element-e02d75e e-con-full e-flex e-con e-child\" data-id=\"e02d75e\" data-element_type=\"container\">\n\t\t\t\t<div class=\"elementor-element elementor-element-38839e7 elementor-widget__width-initial elementor-widget elementor-widget-heading\" data-id=\"38839e7\" data-element_type=\"widget\" data-widget_type=\"heading.default\">\n\t\t\t\t<div class=\"elementor-widget-container\">\n\t\t\t\t\t<h2 class=\"elementor-heading-title elementor-size-default\">Transporte mar\u00edtimo<\/h2>\t\t\t\t<\/div>\n\t\t\t\t<\/div>\n\t\t\t\t<\/div>\n\t\t\t\t\t<\/div>\n\t\t\t\t<\/div>\n\t\t<div class=\"elementor-element elementor-element-c505a03 e-flex e-con-boxed e-con e-parent\" data-id=\"c505a03\" data-element_type=\"container\">\n\t\t\t\t\t<div class=\"e-con-inner\">\n\t\t<div class=\"elementor-element elementor-element-7f3df7d e-con-full e-flex e-con e-child\" data-id=\"7f3df7d\" data-element_type=\"container\">\n\t\t\t\t<div class=\"elementor-element elementor-element-9839044 elementor-widget elementor-widget-text-editor\" data-id=\"9839044\" data-element_type=\"widget\" data-widget_type=\"text-editor.default\">\n\t\t\t\t<div class=\"elementor-widget-container\">\n\t\t\t\t\t\t\t\t\t<h4>Econ\u00f3mico. Fiable. Flexible.<\/h4><p>Ofrecemos soluciones integrales de transporte mar\u00edtimo, proporcionando una forma rentable de transportar grandes vol\u00famenes de mercanc\u00edas a nivel internacional. Nuestra experiencia en la gesti\u00f3n de todos los aspectos del transporte mar\u00edtimo garantiza que su carga se gestione de forma eficiente de principio a fin. Nuestro equipo especializado se encarga de toda la documentaci\u00f3n y el despacho de aduanas, lo que le permite centrarse en su actividad principal. Con nuestros servicios fiables, puede estar seguro de que sus env\u00edos llegar\u00e1n de forma segura y puntual.<\/p>\t\t\t\t\t\t\t\t<\/div>\n\t\t\t\t<\/div>\n\t\t\t\t<div class=\"elementor-element elementor-element-f55f7e0 elementor-button-success elementor-align-right elementor-widget elementor-widget-button\" data-id=\"f55f7e0\" data-element_type=\"widget\" data-widget_type=\"button.default\">\n\t\t\t\t<div class=\"elementor-widget-container\">\n\t\t\t\t\t\t\t\t\t<div class=\"elementor-button-wrapper\">\n\t\t\t\t\t<a class=\"elementor-button elementor-button-link elementor-size-sm\" href=\"https:\/\/fastair-cargo.com\/es\/contact\/\">\n\t\t\t\t\t\t<span class=\"elementor-button-content-wrapper\">\n\t\t\t\t\t\t<span class=\"elementor-button-icon\">\n\t\t\t\t<svg aria-hidden=\"true\" class=\"e-font-icon-svg e-fas-anchor\" viewbox=\"0 0 576 512\" xmlns=\"http:\/\/www.w3.org\/2000\/svg\"><path d=\"M12.971 352h32.394C67.172 454.735 181.944 512 288 512c106.229 0 220.853-57.38 242.635-160h32.394c10.691 0 16.045-12.926 8.485-20.485l-67.029-67.029c-4.686-4.686-12.284-4.686-16.971 0l-67.029 67.029c-7.56 7.56-2.206 20.485 8.485 20.485h35.146c-20.29 54.317-84.963 86.588-144.117 94.015V256h52c6.627 0 12-5.373 12-12v-40c0-6.627-5.373-12-12-12h-52v-5.47c37.281-13.178 63.995-48.725 64-90.518C384.005 43.772 341.605.738 289.37.01 235.723-.739 192 42.525 192 96c0 41.798 26.716 77.35 64 90.53V192h-52c-6.627 0-12 5.373-12 12v40c0 6.627 5.373 12 12 12h52v190.015c-58.936-7.399-123.82-39.679-144.117-94.015h35.146c10.691 0 16.045-12.926 8.485-20.485l-67.029-67.029c-4.686-4.686-12.284-4.686-16.971 0L4.485 331.515C-3.074 339.074 2.28 352 12.971 352zM288 64c17.645 0 32 14.355 32 32s-14.355 32-32 32-32-14.355-32-32 14.355-32 32-32z\"><\/path><\/svg>\t\t\t<\/span>\n\t\t\t\t\t\t\t\t\t<span class=\"elementor-button-text\">Solicitar presupuesto<\/span>\n\t\t\t\t\t<\/span>\n\t\t\t\t\t<\/a>\n\t\t\t\t<\/div>\n\t\t\t\t\t\t\t\t<\/div>\n\t\t\t\t<\/div>\n\t\t\t\t<\/div>\n\t\t<div class=\"elementor-element elementor-element-0449cfc e-con-full e-flex e-con e-child\" data-id=\"0449cfc\" data-element_type=\"container\">\n\t\t\t\t<div class=\"elementor-element elementor-element-6bae93e elementor-widget elementor-widget-image\" data-id=\"6bae93e\" data-element_type=\"widget\" data-widget_type=\"image.default\">\n\t\t\t\t<div class=\"elementor-widget-container\">\n\t\t\t\t\t\t\t\t\t\t\t\t\t\t\t<img fetchpriority=\"high\" decoding=\"async\" width=\"450\" height=\"300\" src=\"https:\/\/fastair-cargo.com\/wp-content\/uploads\/2025\/05\/General-Cargo-1.png\" class=\"attachment-large size-large wp-image-1550\" alt=\"\" srcset=\"https:\/\/fastair-cargo.com\/wp-content\/uploads\/2025\/05\/General-Cargo-1.png 450w, https:\/\/fastair-cargo.com\/wp-content\/uploads\/2025\/05\/General-Cargo-1-300x200.png 300w\" sizes=\"(max-width: 450px) 100vw, 450px\" \/>\t\t\t\t\t\t\t\t\t\t\t\t\t\t\t<\/div>\n\t\t\t\t<\/div>\n\t\t\t\t<\/div>\n\t\t\t\t\t<\/div>\n\t\t\t\t<\/div>\n\t\t<div class=\"elementor-element elementor-element-a7f7f2d e-flex e-con-boxed e-con e-parent\" data-id=\"a7f7f2d\" data-element_type=\"container\">\n\t\t\t\t\t<div class=\"e-con-inner\">\n\t\t\t\t<div class=\"elementor-element elementor-element-8a41dd5 elementor-widget-divider--view-line elementor-widget elementor-widget-divider\" data-id=\"8a41dd5\" data-element_type=\"widget\" data-widget_type=\"divider.default\">\n\t\t\t\t<div class=\"elementor-widget-container\">\n\t\t\t\t\t\t\t<div class=\"elementor-divider\">\n\t\t\t<span class=\"elementor-divider-separator\">\n\t\t\t\t\t\t<\/span>\n\t\t<\/div>\n\t\t\t\t\t\t<\/div>\n\t\t\t\t<\/div>\n\t\t\t\t\t<\/div>\n\t\t\t\t<\/div>\n\t\t<div class=\"elementor-element elementor-element-61658f9 e-flex e-con-boxed e-con e-parent\" data-id=\"61658f9\" data-element_type=\"container\">\n\t\t\t\t\t<div class=\"e-con-inner\">\n\t\t<div class=\"elementor-element elementor-element-6a64d27 e-con-full e-flex e-con e-child\" data-id=\"6a64d27\" data-element_type=\"container\">\n\t\t<div class=\"elementor-element elementor-element-76ec392 e-con-full e-flex e-con e-child\" data-id=\"76ec392\" data-element_type=\"container\">\n\t\t<div class=\"elementor-element elementor-element-6033876 e-con-full e-flex e-con e-child\" data-id=\"6033876\" data-element_type=\"container\">\n\t\t\t\t<div class=\"elementor-element elementor-element-51609e8 elementor-position-top elementor-widget elementor-widget-image-box\" data-id=\"51609e8\" data-element_type=\"widget\" data-widget_type=\"image-box.default\">\n\t\t\t\t<div class=\"elementor-widget-container\">\n\t\t\t\t\t<div class=\"elementor-image-box-wrapper\"><figure class=\"elementor-image-box-img\"><img decoding=\"async\" width=\"1920\" height=\"648\" src=\"https:\/\/fastair-cargo.com\/wp-content\/uploads\/2025\/05\/WFN-Logo-PNG.png\" class=\"attachment-full size-full wp-image-1870\" alt=\"\" srcset=\"https:\/\/fastair-cargo.com\/wp-content\/uploads\/2025\/05\/WFN-Logo-PNG.png 1920w, https:\/\/fastair-cargo.com\/wp-content\/uploads\/2025\/05\/WFN-Logo-PNG-300x101.png 300w, https:\/\/fastair-cargo.com\/wp-content\/uploads\/2025\/05\/WFN-Logo-PNG-1024x346.png 1024w, https:\/\/fastair-cargo.com\/wp-content\/uploads\/2025\/05\/WFN-Logo-PNG-768x259.png 768w, https:\/\/fastair-cargo.com\/wp-content\/uploads\/2025\/05\/WFN-Logo-PNG-1536x518.png 1536w\" sizes=\"(max-width: 1920px) 100vw, 1920px\" \/><\/figure><div class=\"elementor-image-box-content\"><p class=\"elementor-image-box-description\">Como miembro (fundador) de World Freight Network estamos representados en varios pa\u00edses del mundo y atendemos a sus clientes en todos los \u00e1mbitos del env\u00edo, como la entrega puerta a puerta, la recogida, los env\u00edos a portes debidos o el despacho de aduanas.<\/p><\/div><\/div>\t\t\t\t<\/div>\n\t\t\t\t<\/div>\n\t\t\t\t<\/div>\n\t\t\t\t<\/div>\n\t\t\t\t<\/div>\n\t\t\t\t\t<\/div>\n\t\t\t\t<\/div>\n\t\t<div class=\"elementor-element elementor-element-bb63c15 e-flex e-con-boxed e-con e-parent\" data-id=\"bb63c15\" data-element_type=\"container\">\n\t\t\t\t\t<div class=\"e-con-inner\">\n\t\t<div class=\"elementor-element elementor-element-2ef9f46 e-con-full e-flex e-con e-child\" data-id=\"2ef9f46\" data-element_type=\"container\">\n\t\t\t\t<div class=\"elementor-element elementor-element-d82efc9 elementor-position-top elementor-widget elementor-widget-image-box\" data-id=\"d82efc9\" data-element_type=\"widget\" data-widget_type=\"image-box.default\">\n\t\t\t\t<div class=\"elementor-widget-container\">\n\t\t\t\t\t<div class=\"elementor-image-box-wrapper\"><figure class=\"elementor-image-box-img\"><img decoding=\"async\" width=\"450\" height=\"180\" src=\"https:\/\/fastair-cargo.com\/wp-content\/uploads\/2025\/06\/Nevtelen-terv-85.png\" class=\"attachment-full size-full wp-image-2947\" alt=\"\" srcset=\"https:\/\/fastair-cargo.com\/wp-content\/uploads\/2025\/06\/Nevtelen-terv-85.png 450w, https:\/\/fastair-cargo.com\/wp-content\/uploads\/2025\/06\/Nevtelen-terv-85-300x120.png 300w, https:\/\/fastair-cargo.com\/wp-content\/uploads\/2025\/06\/Nevtelen-terv-85-18x7.png 18w\" sizes=\"(max-width: 450px) 100vw, 450px\" \/><\/figure><div class=\"elementor-image-box-content\"><p class=\"elementor-image-box-description\">Somos miembros orgullosos de C5C Logistics Forwarding Network, y aprovechamos nuestras conexiones globales para ofrecer soluciones de transporte eficientes y fiables en todo el mundo.<\/p><\/div><\/div>\t\t\t\t<\/div>\n\t\t\t\t<\/div>\n\t\t\t\t<\/div>\n\t\t\t\t\t<\/div>\n\t\t\t\t<\/div>\n\t\t<div class=\"elementor-element elementor-element-9b18ea5 e-flex e-con-boxed e-con e-parent\" data-id=\"9b18ea5\" data-element_type=\"container\">\n\t\t\t\t\t<div class=\"e-con-inner\">\n\t\t<div class=\"elementor-element elementor-element-6ba0e75 e-con-full e-flex e-con e-child\" data-id=\"6ba0e75\" data-element_type=\"container\">\n\t\t\t\t<div class=\"elementor-element elementor-element-eb9a3e3 elementor-position-top elementor-widget elementor-widget-image-box\" data-id=\"eb9a3e3\" data-element_type=\"widget\" data-widget_type=\"image-box.default\">\n\t\t\t\t<div class=\"elementor-widget-container\">\n\t\t\t\t\t<div class=\"elementor-image-box-wrapper\"><figure class=\"elementor-image-box-img\"><img loading=\"lazy\" decoding=\"async\" width=\"450\" height=\"103\" src=\"https:\/\/fastair-cargo.com\/wp-content\/uploads\/2025\/06\/General-Cargo-46s.png\" class=\"attachment-full size-full wp-image-2852\" alt=\"\" srcset=\"https:\/\/fastair-cargo.com\/wp-content\/uploads\/2025\/06\/General-Cargo-46s.png 450w, https:\/\/fastair-cargo.com\/wp-content\/uploads\/2025\/06\/General-Cargo-46s-300x69.png 300w, https:\/\/fastair-cargo.com\/wp-content\/uploads\/2025\/06\/General-Cargo-46s-18x4.png 18w\" sizes=\"(max-width: 450px) 100vw, 450px\" \/><\/figure><div class=\"elementor-image-box-content\"><p class=\"elementor-image-box-description\">Como orgulloso miembro de la red Freight Midpoint, ofrecemos soluciones log\u00edsticas globales fiables y eficientes a trav\u00e9s de asociaciones internacionales de confianza.<\/p><\/div><\/div>\t\t\t\t<\/div>\n\t\t\t\t<\/div>\n\t\t\t\t<\/div>\n\t\t\t\t\t<\/div>\n\t\t\t\t<\/div>\n\t\t<div class=\"elementor-element elementor-element-dde37e3 e-flex e-con-boxed e-con e-parent\" data-id=\"dde37e3\" data-element_type=\"container\">\n\t\t\t\t\t<div class=\"e-con-inner\">\n\t\t\t\t<div class=\"elementor-element elementor-element-9c45c23 elementor-widget elementor-widget-spacer\" data-id=\"9c45c23\" data-element_type=\"widget\" data-widget_type=\"spacer.default\">\n\t\t\t\t<div class=\"elementor-widget-container\">\n\t\t\t\t\t\t\t<div class=\"elementor-spacer\">\n\t\t\t<div class=\"elementor-spacer-inner\"><\/div>\n\t\t<\/div>\n\t\t\t\t\t\t<\/div>\n\t\t\t\t<\/div>\n\t\t\t\t\t<\/div>\n\t\t\t\t<\/div>\n\t\t<div class=\"elementor-element elementor-element-d444b99 e-flex e-con-boxed e-con e-parent\" data-id=\"d444b99\" data-element_type=\"container\">\n\t\t\t\t\t<div class=\"e-con-inner\">\n\t\t<div class=\"elementor-element elementor-element-e08a4d7 e-con-full e-flex e-con e-child\" data-id=\"e08a4d7\" data-element_type=\"container\">\n\t\t\t\t<div class=\"elementor-element elementor-element-a4c4712 elementor-view-default elementor-position-block-start elementor-mobile-position-block-start elementor-widget elementor-widget-icon-box\" data-id=\"a4c4712\" data-element_type=\"widget\" data-widget_type=\"icon-box.default\">\n\t\t\t\t<div class=\"elementor-widget-container\">\n\t\t\t\t\t\t\t<div class=\"elementor-icon-box-wrapper\">\n\n\t\t\t\t\t\t<div class=\"elementor-icon-box-icon\">\n\t\t\t\t<span  class=\"elementor-icon\">\n\t\t\t\t<svg aria-hidden=\"true\" class=\"e-font-icon-svg e-fas-star\" viewbox=\"0 0 576 512\" xmlns=\"http:\/\/www.w3.org\/2000\/svg\"><path d=\"M259.3 17.8L194 150.2 47.9 171.5c-26.2 3.8-36.7 36.1-17.7 54.6l105.7 103-25 145.5c-4.5 26.3 23.2 46 46.4 33.7L288 439.6l130.7 68.7c23.2 12.2 50.9-7.4 46.4-33.7l-25-145.5 105.7-103c19-18.5 8.5-50.8-17.7-54.6L382 150.2 316.7 17.8c-11.7-23.6-45.6-23.9-57.4 0z\"><\/path><\/svg>\t\t\t\t<\/span>\n\t\t\t<\/div>\n\t\t\t\n\t\t\t\t\t\t<div class=\"elementor-icon-box-content\">\n\n\t\t\t\t\t\t\t\t\t<h3 class=\"elementor-icon-box-title\">\n\t\t\t\t\t\t<span  >\n\t\t\t\t\t\t\tM\u00e1s de 20 a\u00f1os de experiencia.\t\t\t\t\t\t<\/span>\n\t\t\t\t\t<\/h3>\n\t\t\t\t\n\t\t\t\t\t\t\t\t\t<p class=\"elementor-icon-box-description\">\n\t\t\t\t\t\tLa experiencia de nuestro personal garantiza entregas sin contratiempos.\t\t\t\t\t<\/p>\n\t\t\t\t\n\t\t\t<\/div>\n\t\t\t\n\t\t<\/div>\n\t\t\t\t\t\t<\/div>\n\t\t\t\t<\/div>\n\t\t\t\t<\/div>\n\t\t<div class=\"elementor-element elementor-element-967c29a e-con-full e-flex e-con e-child\" data-id=\"967c29a\" data-element_type=\"container\">\n\t\t\t\t<div class=\"elementor-element elementor-element-ddd093d elementor-view-default elementor-position-block-start elementor-mobile-position-block-start elementor-widget elementor-widget-icon-box\" data-id=\"ddd093d\" data-element_type=\"widget\" data-widget_type=\"icon-box.default\">\n\t\t\t\t<div class=\"elementor-widget-container\">\n\t\t\t\t\t\t\t<div class=\"elementor-icon-box-wrapper\">\n\n\t\t\t\t\t\t<div class=\"elementor-icon-box-icon\">\n\t\t\t\t<span  class=\"elementor-icon\">\n\t\t\t\t<svg aria-hidden=\"true\" class=\"e-font-icon-svg e-fas-euro-sign\" viewbox=\"0 0 320 512\" xmlns=\"http:\/\/www.w3.org\/2000\/svg\"><path d=\"M310.706 413.765c-1.314-6.63-7.835-10.872-14.424-9.369-10.692 2.439-27.422 5.413-45.426 5.413-56.763 0-101.929-34.79-121.461-85.449h113.689a12 12 0 0 0 11.708-9.369l6.373-28.36c1.686-7.502-4.019-14.631-11.708-14.631H115.22c-1.21-14.328-1.414-28.287.137-42.245H261.95a12 12 0 0 0 11.723-9.434l6.512-29.755c1.638-7.484-4.061-14.566-11.723-14.566H130.184c20.633-44.991 62.69-75.03 117.619-75.03 14.486 0 28.564 2.25 37.851 4.145 6.216 1.268 12.347-2.498 14.002-8.623l11.991-44.368c1.822-6.741-2.465-13.616-9.326-14.917C290.217 34.912 270.71 32 249.635 32 152.451 32 74.03 92.252 45.075 176H12c-6.627 0-12 5.373-12 12v29.755c0 6.627 5.373 12 12 12h21.569c-1.009 13.607-1.181 29.287-.181 42.245H12c-6.627 0-12 5.373-12 12v28.36c0 6.627 5.373 12 12 12h30.114C67.139 414.692 145.264 480 249.635 480c26.301 0 48.562-4.544 61.101-7.788 6.167-1.595 10.027-7.708 8.788-13.957l-8.818-44.49z\"><\/path><\/svg>\t\t\t\t<\/span>\n\t\t\t<\/div>\n\t\t\t\n\t\t\t\t\t\t<div class=\"elementor-icon-box-content\">\n\n\t\t\t\t\t\t\t\t\t<h3 class=\"elementor-icon-box-title\">\n\t\t\t\t\t\t<span  >\n\t\t\t\t\t\t\tCost-effective\t\t\t\t\t\t<\/span>\n\t\t\t\t\t<\/h3>\n\t\t\t\t\n\t\t\t\t\t\t\t\t\t<p class=\"elementor-icon-box-description\">\n\t\t\t\t\t\tThe most cost-effective solution for heavy loads.\t\t\t\t\t<\/p>\n\t\t\t\t\n\t\t\t<\/div>\n\t\t\t\n\t\t<\/div>\n\t\t\t\t\t\t<\/div>\n\t\t\t\t<\/div>\n\t\t\t\t<\/div>\n\t\t\t\t\t<\/div>\n\t\t\t\t<\/div>\n\t\t<footer class=\"elementor-element elementor-element-f2e7260 e-con-full e-flex e-con e-parent\" data-id=\"f2e7260\" data-element_type=\"container\">\n\t\t<div class=\"elementor-element elementor-element-4bbbaf9 e-con-full e-flex e-con e-child\" data-id=\"4bbbaf9\" data-element_type=\"container\">\n\t\t\t\t<div class=\"elementor-element elementor-element-ff7e988 elementor-widget elementor-widget-image\" data-id=\"ff7e988\" data-element_type=\"widget\" data-widget_type=\"image.default\">\n\t\t\t\t<div class=\"elementor-widget-container\">\n\t\t\t\t\t\t\t\t\t\t\t\t\t\t\t<img loading=\"lazy\" decoding=\"async\" width=\"300\" height=\"300\" src=\"https:\/\/fastair-cargo.com\/wp-content\/uploads\/2025\/05\/Nevtelen-terv-3-300x300.png\" class=\"attachment-medium size-medium wp-image-1238\" alt=\"\" srcset=\"https:\/\/fastair-cargo.com\/wp-content\/uploads\/2025\/05\/Nevtelen-terv-3-300x300.png 300w, https:\/\/fastair-cargo.com\/wp-content\/uploads\/2025\/05\/Nevtelen-terv-3-150x150.png 150w, https:\/\/fastair-cargo.com\/wp-content\/uploads\/2025\/05\/Nevtelen-terv-3.png 500w\" sizes=\"(max-width: 300px) 100vw, 300px\" \/>\t\t\t\t\t\t\t\t\t\t\t\t\t\t\t<\/div>\n\t\t\t\t<\/div>\n\t\t\t\t<\/div>\n\t\t<div class=\"elementor-element elementor-element-a4c75a2 e-con-full e-flex e-con e-child\" data-id=\"a4c75a2\" data-element_type=\"container\">\n\t\t\t\t<div class=\"elementor-element elementor-element-0023e8b elementor-icon-list--layout-inline elementor-tablet-align-center elementor-align-center elementor-list-item-link-full_width elementor-widget elementor-widget-icon-list\" data-id=\"0023e8b\" data-element_type=\"widget\" data-widget_type=\"icon-list.default\">\n\t\t\t\t<div class=\"elementor-widget-container\">\n\t\t\t\t\t\t\t<ul class=\"elementor-icon-list-items elementor-inline-items\">\n\t\t\t\t\t\t\t<li class=\"elementor-icon-list-item elementor-inline-item\">\n\t\t\t\t\t\t\t\t\t\t\t<span class=\"elementor-icon-list-icon\">\n\t\t\t\t\t\t\t<svg aria-hidden=\"true\" class=\"e-font-icon-svg e-fas-phone-alt\" viewbox=\"0 0 512 512\" xmlns=\"http:\/\/www.w3.org\/2000\/svg\"><path d=\"M497.39 361.8l-112-48a24 24 0 0 0-28 6.9l-49.6 60.6A370.66 370.66 0 0 1 130.6 204.11l60.6-49.6a23.94 23.94 0 0 0 6.9-28l-48-112A24.16 24.16 0 0 0 122.6.61l-104 24A24 24 0 0 0 0 48c0 256.5 207.9 464 464 464a24 24 0 0 0 23.4-18.6l24-104a24.29 24.29 0 0 0-14.01-27.6z\"><\/path><\/svg>\t\t\t\t\t\t<\/span>\n\t\t\t\t\t\t\t\t\t\t<span class=\"elementor-icon-list-text\">+36 1 296 8828<\/span>\n\t\t\t\t\t\t\t\t\t<\/li>\n\t\t\t\t\t\t\t\t<li class=\"elementor-icon-list-item elementor-inline-item\">\n\t\t\t\t\t\t\t\t\t\t\t<span class=\"elementor-icon-list-icon\">\n\t\t\t\t\t\t\t<svg aria-hidden=\"true\" class=\"e-font-icon-svg e-fas-envelope\" viewbox=\"0 0 512 512\" xmlns=\"http:\/\/www.w3.org\/2000\/svg\"><path d=\"M502.3 190.8c3.9-3.1 9.7-.2 9.7 4.7V400c0 26.5-21.5 48-48 48H48c-26.5 0-48-21.5-48-48V195.6c0-5 5.7-7.8 9.7-4.7 22.4 17.4 52.1 39.5 154.1 113.6 21.1 15.4 56.7 47.8 92.2 47.6 35.7.3 72-32.8 92.3-47.6 102-74.1 131.6-96.3 154-113.7zM256 320c23.2.4 56.6-29.2 73.4-41.4 132.7-96.3 142.8-104.7 173.4-128.7 5.8-4.5 9.2-11.5 9.2-18.9v-19c0-26.5-21.5-48-48-48H48C21.5 64 0 85.5 0 112v19c0 7.4 3.4 14.3 9.2 18.9 30.6 23.9 40.7 32.4 173.4 128.7 16.8 12.2 50.2 41.8 73.4 41.4z\"><\/path><\/svg>\t\t\t\t\t\t<\/span>\n\t\t\t\t\t\t\t\t\t\t<span class=\"elementor-icon-list-text\">info@fastair-cargo.com<\/span>\n\t\t\t\t\t\t\t\t\t<\/li>\n\t\t\t\t\t\t\t\t<li class=\"elementor-icon-list-item elementor-inline-item\">\n\t\t\t\t\t\t\t\t\t\t\t<span class=\"elementor-icon-list-icon\">\n\t\t\t\t\t\t\t<svg aria-hidden=\"true\" class=\"e-font-icon-svg e-fas-map-marker-alt\" viewbox=\"0 0 384 512\" xmlns=\"http:\/\/www.w3.org\/2000\/svg\"><path d=\"M172.268 501.67C26.97 291.031 0 269.413 0 192 0 85.961 85.961 0 192 0s192 85.961 192 192c0 77.413-26.97 99.031-172.268 309.67-9.535 13.774-29.93 13.773-39.464 0zM192 272c44.183 0 80-35.817 80-80s-35.817-80-80-80-80 35.817-80 80 35.817 80 80 80z\"><\/path><\/svg>\t\t\t\t\t\t<\/span>\n\t\t\t\t\t\t\t\t\t\t<span class=\"elementor-icon-list-text\">BUD Cargo City, Vecs\u00e9s 2220, Hungary<\/span>\n\t\t\t\t\t\t\t\t\t<\/li>\n\t\t\t\t\t\t<\/ul>\n\t\t\t\t\t\t<\/div>\n\t\t\t\t<\/div>\n\t\t\t\t<\/div>\n\t\t<div class=\"elementor-element elementor-element-b317d42 e-con-full e-flex e-con e-child\" data-id=\"b317d42\" data-element_type=\"container\">\n\t\t\t\t<div class=\"elementor-element elementor-element-3076270 e-grid-align-right e-grid-align-tablet-right e-grid-align-mobile-center elementor-widget-mobile__width-inherit elementor-shape-rounded elementor-grid-0 elementor-widget elementor-widget-social-icons\" data-id=\"3076270\" data-element_type=\"widget\" data-widget_type=\"social-icons.default\">\n\t\t\t\t<div class=\"elementor-widget-container\">\n\t\t\t\t\t\t\t<div class=\"elementor-social-icons-wrapper elementor-grid\" role=\"list\">\n\t\t\t\t\t\t\t<span class=\"elementor-grid-item\" role=\"listitem\">\n\t\t\t\t\t<a class=\"elementor-icon elementor-social-icon elementor-social-icon-linkedin elementor-repeater-item-3f1b7ac\" href=\"https:\/\/www.linkedin.com\/company\/fastair-cargo-kft\" target=\"_blank\">\n\t\t\t\t\t\t<span class=\"elementor-screen-only\">Linkedin<\/span>\n\t\t\t\t\t\t<svg aria-hidden=\"true\" class=\"e-font-icon-svg e-fab-linkedin\" viewbox=\"0 0 448 512\" xmlns=\"http:\/\/www.w3.org\/2000\/svg\"><path d=\"M416 32H31.9C14.3 32 0 46.5 0 64.3v383.4C0 465.5 14.3 480 31.9 480H416c17.6 0 32-14.5 32-32.3V64.3c0-17.8-14.4-32.3-32-32.3zM135.4 416H69V202.2h66.5V416zm-33.2-243c-21.3 0-38.5-17.3-38.5-38.5S80.9 96 102.2 96c21.2 0 38.5 17.3 38.5 38.5 0 21.3-17.2 38.5-38.5 38.5zm282.1 243h-66.4V312c0-24.8-.5-56.7-34.5-56.7-34.6 0-39.9 27-39.9 54.9V416h-66.4V202.2h63.7v29.2h.9c8.9-16.8 30.6-34.5 62.9-34.5 67.2 0 79.7 44.3 79.7 101.9V416z\"><\/path><\/svg>\t\t\t\t\t<\/a>\n\t\t\t\t<\/span>\n\t\t\t\t\t\t\t<span class=\"elementor-grid-item\" role=\"listitem\">\n\t\t\t\t\t<a class=\"elementor-icon elementor-social-icon elementor-social-icon-whatsapp elementor-repeater-item-828f132\" href=\"https:\/\/wa.me\/+36309846085?text=Hello!\" target=\"_blank\">\n\t\t\t\t\t\t<span class=\"elementor-screen-only\">Whatsapp<\/span>\n\t\t\t\t\t\t<svg aria-hidden=\"true\" class=\"e-font-icon-svg e-fab-whatsapp\" viewbox=\"0 0 448 512\" xmlns=\"http:\/\/www.w3.org\/2000\/svg\"><path d=\"M380.9 97.1C339 55.1 283.2 32 223.9 32c-122.4 0-222 99.6-222 222 0 39.1 10.2 77.3 29.6 111L0 480l117.7-30.9c32.4 17.7 68.9 27 106.1 27h.1c122.3 0 224.1-99.6 224.1-222 0-59.3-25.2-115-67.1-157zm-157 341.6c-33.2 0-65.7-8.9-94-25.7l-6.7-4-69.8 18.3L72 359.2l-4.4-7c-18.5-29.4-28.2-63.3-28.2-98.2 0-101.7 82.8-184.5 184.6-184.5 49.3 0 95.6 19.2 130.4 54.1 34.8 34.9 56.2 81.2 56.1 130.5 0 101.8-84.9 184.6-186.6 184.6zm101.2-138.2c-5.5-2.8-32.8-16.2-37.9-18-5.1-1.9-8.8-2.8-12.5 2.8-3.7 5.6-14.3 18-17.6 21.8-3.2 3.7-6.5 4.2-12 1.4-32.6-16.3-54-29.1-75.5-66-5.7-9.8 5.7-9.1 16.3-30.3 1.8-3.7.9-6.9-.5-9.7-1.4-2.8-12.5-30.1-17.1-41.2-4.5-10.8-9.1-9.3-12.5-9.5-3.2-.2-6.9-.2-10.6-.2-3.7 0-9.7 1.4-14.8 6.9-5.1 5.6-19.4 19-19.4 46.3 0 27.3 19.9 53.7 22.6 57.4 2.8 3.7 39.1 59.7 94.8 83.8 35.2 15.2 49 16.5 66.6 13.9 10.7-1.6 32.8-13.4 37.4-26.4 4.6-13 4.6-24.1 3.2-26.4-1.3-2.5-5-3.9-10.5-6.6z\"><\/path><\/svg>\t\t\t\t\t<\/a>\n\t\t\t\t<\/span>\n\t\t\t\t\t<\/div>\n\t\t\t\t\t\t<\/div>\n\t\t\t\t<\/div>\n\t\t\t\t<\/div>\n\t\t\t\t<\/footer>\n\t\t<div class=\"elementor-element elementor-element-8030f8b e-con-full e-flex e-con e-parent\" data-id=\"8030f8b\" data-element_type=\"container\" data-settings=\"{&quot;background_background&quot;:&quot;classic&quot;}\">\n\t\t\t\t<div class=\"elementor-element elementor-element-19ba9e0 elementor-widget elementor-widget-heading\" data-id=\"19ba9e0\" data-element_type=\"widget\" data-widget_type=\"heading.default\">\n\t\t\t\t<div class=\"elementor-widget-container\">\n\t\t\t\t\t<p class=\"elementor-heading-title elementor-size-default\">\u00a9 All Rights Reserved.<\/p>\t\t\t\t<\/div>\n\t\t\t\t<\/div>\n\t\t\t\t<\/div>\n\t\t\t\t<\/div>","protected":false},"excerpt":{"rendered":"<p>Sea Freight Cost-effective. Reliable. Flexible. We offer comprehensive sea freight solutions, providing a cost-effective way to transport large volumes of goods internationally. Our expertise in handling all aspects of maritime shipping ensures that your cargo is managed efficiently from start to finish. Our dedicated team takes care of all documentation and customs clearance, allowing you&#8230;<\/p>","protected":false},"author":1,"featured_media":0,"parent":0,"menu_order":0,"comment_status":"closed","ping_status":"closed","template":"","meta":{"_kadence_starter_templates_imported_post":false,"_kad_post_transparent":"","_kad_post_title":"hide","_kad_post_layout":"fullwidth","_kad_post_sidebar_id":"","_kad_post_content_style":"unboxed","_kad_post_vertical_padding":"hide","_kad_post_feature":"hide","_kad_post_feature_position":"","_kad_post_header":false,"_kad_post_footer":false,"footnotes":""},"class_list":["post-1272","page","type-page","status-publish","hentry"],"_links":{"self":[{"href":"https:\/\/fastair-cargo.com\/es\/wp-json\/wp\/v2\/pages\/1272","targetHints":{"allow":["GET"]}}],"collection":[{"href":"https:\/\/fastair-cargo.com\/es\/wp-json\/wp\/v2\/pages"}],"about":[{"href":"https:\/\/fastair-cargo.com\/es\/wp-json\/wp\/v2\/types\/page"}],"author":[{"embeddable":true,"href":"https:\/\/fastair-cargo.com\/es\/wp-json\/wp\/v2\/users\/1"}],"replies":[{"embeddable":true,"href":"https:\/\/fastair-cargo.com\/es\/wp-json\/wp\/v2\/comments?post=1272"}],"version-history":[{"count":106,"href":"https:\/\/fastair-cargo.com\/es\/wp-json\/wp\/v2\/pages\/1272\/revisions"}],"predecessor-version":[{"id":3477,"href":"https:\/\/fastair-cargo.com\/es\/wp-json\/wp\/v2\/pages\/1272\/revisions\/3477"}],"wp:attachment":[{"href":"https:\/\/fastair-cargo.com\/es\/wp-json\/wp\/v2\/media?parent=1272"}],"curies":[{"name":"wp","href":"https:\/\/api.w.org\/{rel}","templated":true}]}}